{"id":4000,"date":"2020-06-23T14:44:30","date_gmt":"2020-06-23T12:44:30","guid":{"rendered":"https:\/\/www.bibicomedia.fr\/?page_id=4000"},"modified":"2020-06-23T15:07:00","modified_gmt":"2020-06-23T13:07:00","slug":"le-theatre","status":"publish","type":"page","link":"https:\/\/www.bibicomedia.fr\/index.php\/le-theatre\/","title":{"rendered":"LE TH\u00c9\u00c2TRE"},"content":{"rendered":"\t\t<div data-elementor-type=\"wp-page\" data-elementor-id=\"4000\" class=\"elementor elementor-4000\">\n\t\t\t\t\t\t<div class=\"elementor-inner\">\n\t\t\t\t<div class=\"elementor-section-wrap\">\n\t\t\t\t\t\t\t\t\t<section class=\"elementor-section elementor-top-section elementor-element elementor-element-f594d5f elementor-section-boxed elementor-section-height-default elementor-section-height-default\" data-id=\"f594d5f\" data-element_type=\"section\">\n\t\t\t\t\t\t<div class=\"elementor-container elementor-column-gap-default\">\n\t\t\t\t\t\t\t<div class=\"elementor-row\">\n\t\t\t\t\t<div class=\"elementor-column elementor-col-50 elementor-top-column elementor-element elementor-element-7c47243\" data-id=\"7c47243\" data-element_type=\"column\">\n\t\t\t<div class=\"elementor-column-wrap elementor-element-populated\">\n\t\t\t\t\t\t\t<div class=\"elementor-widget-wrap\">\n\t\t\t\t\t\t<div class=\"elementor-element elementor-element-48e4dcd elementor-widget elementor-widget-image\" data-id=\"48e4dcd\" data-element_type=\"widget\" data-widget_type=\"image.default\">\n\t\t\t\t<div class=\"elementor-widget-container\">\n\t\t\t\t\t\t\t\t<div class=\"elementor-image\">\n\t\t\t\t\t\t\t\t\t\t\t\t<img width=\"720\" height=\"960\" src=\"https:\/\/www.bibicomedia.fr\/wp-content\/uploads\/2020\/01\/47236674_2021942911177431_8264207759784804352_n.jpg\" class=\"attachment-large size-large\" alt=\"BIBI COMEDIA\" loading=\"lazy\" srcset=\"https:\/\/www.bibicomedia.fr\/wp-content\/uploads\/2020\/01\/47236674_2021942911177431_8264207759784804352_n.jpg 720w, https:\/\/www.bibicomedia.fr\/wp-content\/uploads\/2020\/01\/47236674_2021942911177431_8264207759784804352_n-225x300.jpg 225w, https:\/\/www.bibicomedia.fr\/wp-content\/uploads\/2020\/01\/47236674_2021942911177431_8264207759784804352_n-600x800.jpg 600w\" sizes=\"(max-width: 720px) 100vw, 720px\" \/>\t\t\t\t\t\t\t\t\t\t\t\t\t\t<\/div>\n\t\t\t\t\t\t<\/div>\n\t\t\t\t<\/div>\n\t\t\t\t\t\t<\/div>\n\t\t\t\t\t<\/div>\n\t\t<\/div>\n\t\t\t\t<div class=\"elementor-column elementor-col-50 elementor-top-column elementor-element elementor-element-5e55e7a\" data-id=\"5e55e7a\" data-element_type=\"column\">\n\t\t\t<div class=\"elementor-column-wrap elementor-element-populated\">\n\t\t\t\t\t\t\t<div class=\"elementor-widget-wrap\">\n\t\t\t\t\t\t<div class=\"elementor-element elementor-element-e4243f2 elementor-widget elementor-widget-text-editor\" data-id=\"e4243f2\" data-element_type=\"widget\" data-widget_type=\"text-editor.default\">\n\t\t\t\t<div class=\"elementor-widget-container\">\n\t\t\t\t\t\t\t\t<div class=\"elementor-text-editor elementor-clearfix\">\n\t\t\t\t<p>Le BIBI COM\u00c9DIA<\/p>\n<p>La salle de spectacle contient 50 places assises.<\/p>\n<p>La sc\u00e8ne est fixe mais la salle est modulable car dot\u00e9e de chaises empilables.<\/p>\n<p>Elle peut recevoir diff\u00e9rentes formes de spectacles (One, Pi\u00e8ce, groupe de musique, chanteur\u2026).<\/p>\n<p>Un espace caf\u00e9 se trouve au fond du th\u00e9\u00e2tre. Apr\u00e8s chaque repr\u00e9sentations le public peut s\u2019il le souhaite discuter avec l\u2019artiste.<\/p>\n<p>Ce qui fait tout le charme d\u2019un caf\u00e9 th\u00e9\u00e2tre.<\/p>\t\t\t\t\t<\/div>\n\t\t\t\t\t\t<\/div>\n\t\t\t\t<\/div>\n\t\t\t\t\t\t<\/div>\n\t\t\t\t\t<\/div>\n\t\t<\/div>\n\t\t\t\t\t\t\t\t<\/div>\n\t\t\t\t\t<\/div>\n\t\t<\/section>\n\t\t\t\t<section class=\"elementor-section elementor-top-section elementor-element elementor-element-386a268 elementor-section-boxed elementor-section-height-default elementor-section-height-default\" data-id=\"386a268\" data-element_type=\"section\">\n\t\t\t\t\t\t<div class=\"elementor-container elementor-column-gap-default\">\n\t\t\t\t\t\t\t<div class=\"elementor-row\">\n\t\t\t\t\t<div class=\"elementor-column elementor-col-100 elementor-top-column elementor-element elementor-element-a8af4f2\" data-id=\"a8af4f2\" data-element_type=\"column\">\n\t\t\t<div class=\"elementor-column-wrap elementor-element-populated\">\n\t\t\t\t\t\t\t<div class=\"elementor-widget-wrap\">\n\t\t\t\t\t\t<div class=\"elementor-element elementor-element-4dee93b elementor-widget elementor-widget-image-gallery\" data-id=\"4dee93b\" data-element_type=\"widget\" data-widget_type=\"image-gallery.default\">\n\t\t\t\t<div class=\"elementor-widget-container\">\n\t\t\t\t\t<div class=\"elementor-image-gallery\">\n\t\t\t\n\t\t<style type=\"text\/css\">\n\t\t\t#gallery-1 {\n\t\t\t\tmargin: auto;\n\t\t\t}\n\t\t\t#gallery-1 .gallery-item {\n\t\t\t\tfloat: left;\n\t\t\t\tmargin-top: 10px;\n\t\t\t\ttext-align: center;\n\t\t\t\twidth: 25%;\n\t\t\t}\n\t\t\t#gallery-1 img {\n\t\t\t\tborder: 2px solid #cfcfcf;\n\t\t\t}\n\t\t\t#gallery-1 .gallery-caption {\n\t\t\t\tmargin-left: 0;\n\t\t\t}\n\t\t\t\/* see gallery_shortcode() in wp-includes\/media.php *\/\n\t\t<\/style>\n\t\t<div id='gallery-1' class='gallery galleryid-4000 gallery-columns-4 gallery-size-thumbnail'><dl class='gallery-item'>\n\t\t\t<dt class='gallery-icon portrait'>\n\t\t\t\t<a data-elementor-open-lightbox=\"yes\" data-elementor-lightbox-slideshow=\"4dee93b\" data-elementor-lightbox-title=\"Public BIBI COMEDIA\" e-action-hash=\"#elementor-action%3Aaction%3Dlightbox%26settings%3DeyJpZCI6NDAwNCwidXJsIjoiaHR0cHM6XC9cL3d3dy5iaWJpY29tZWRpYS5mclwvd3AtY29udGVudFwvdXBsb2Fkc1wvMjAyMFwvMDZcLzI0REM4MTBFLTQ5NzctNEJCOS1CQ0Y0LUM2NjNGQ0ZERUIyNS0xLmpwZWciLCJzbGlkZXNob3ciOiI0ZGVlOTNiIn0%3D\" href='https:\/\/www.bibicomedia.fr\/wp-content\/uploads\/2020\/06\/24DC810E-4977-4BB9-BCF4-C663FCFDEB25-1.jpeg'><img width=\"150\" height=\"150\" src=\"https:\/\/www.bibicomedia.fr\/wp-content\/uploads\/2020\/06\/24DC810E-4977-4BB9-BCF4-C663FCFDEB25-1-150x150.jpeg\" class=\"attachment-thumbnail size-thumbnail\" alt=\"\" loading=\"lazy\" srcset=\"https:\/\/www.bibicomedia.fr\/wp-content\/uploads\/2020\/06\/24DC810E-4977-4BB9-BCF4-C663FCFDEB25-1-150x150.jpeg 150w, https:\/\/www.bibicomedia.fr\/wp-content\/uploads\/2020\/06\/24DC810E-4977-4BB9-BCF4-C663FCFDEB25-1-300x300.jpeg 300w, https:\/\/www.bibicomedia.fr\/wp-content\/uploads\/2020\/06\/24DC810E-4977-4BB9-BCF4-C663FCFDEB25-1-100x100.jpeg 100w\" sizes=\"(max-width: 150px) 100vw, 150px\" \/><\/a>\n\t\t\t<\/dt><\/dl><dl class='gallery-item'>\n\t\t\t<dt class='gallery-icon portrait'>\n\t\t\t\t<a data-elementor-open-lightbox=\"yes\" data-elementor-lightbox-slideshow=\"4dee93b\" data-elementor-lightbox-title=\"Si\u00e9ge BIBI COMEDIA\" e-action-hash=\"#elementor-action%3Aaction%3Dlightbox%26settings%3DeyJpZCI6NDAwNiwidXJsIjoiaHR0cHM6XC9cL3d3dy5iaWJpY29tZWRpYS5mclwvd3AtY29udGVudFwvdXBsb2Fkc1wvMjAyMFwvMDZcL0lNR182NzcyLXJvdGF0ZWQuanBnIiwic2xpZGVzaG93IjoiNGRlZTkzYiJ9\" href='https:\/\/www.bibicomedia.fr\/wp-content\/uploads\/2020\/06\/IMG_6772-rotated.jpg'><img width=\"150\" height=\"150\" src=\"https:\/\/www.bibicomedia.fr\/wp-content\/uploads\/2020\/06\/IMG_6772-150x150.jpg\" class=\"attachment-thumbnail size-thumbnail\" alt=\"\" loading=\"lazy\" srcset=\"https:\/\/www.bibicomedia.fr\/wp-content\/uploads\/2020\/06\/IMG_6772-150x150.jpg 150w, https:\/\/www.bibicomedia.fr\/wp-content\/uploads\/2020\/06\/IMG_6772-300x300.jpg 300w, https:\/\/www.bibicomedia.fr\/wp-content\/uploads\/2020\/06\/IMG_6772-100x100.jpg 100w\" sizes=\"(max-width: 150px) 100vw, 150px\" \/><\/a>\n\t\t\t<\/dt><\/dl><dl class='gallery-item'>\n\t\t\t<dt class='gallery-icon portrait'>\n\t\t\t\t<a data-elementor-open-lightbox=\"yes\" data-elementor-lightbox-slideshow=\"4dee93b\" data-elementor-lightbox-title=\"Salle BIBI COMEDIA\" e-action-hash=\"#elementor-action%3Aaction%3Dlightbox%26settings%3DeyJpZCI6NDAwNywidXJsIjoiaHR0cHM6XC9cL3d3dy5iaWJpY29tZWRpYS5mclwvd3AtY29udGVudFwvdXBsb2Fkc1wvMjAyMFwvMDZcL0lNR182Nzc2LXJvdGF0ZWQuanBnIiwic2xpZGVzaG93IjoiNGRlZTkzYiJ9\" href='https:\/\/www.bibicomedia.fr\/wp-content\/uploads\/2020\/06\/IMG_6776-rotated.jpg'><img width=\"150\" height=\"150\" src=\"https:\/\/www.bibicomedia.fr\/wp-content\/uploads\/2020\/06\/IMG_6776-150x150.jpg\" class=\"attachment-thumbnail size-thumbnail\" alt=\"\" loading=\"lazy\" srcset=\"https:\/\/www.bibicomedia.fr\/wp-content\/uploads\/2020\/06\/IMG_6776-150x150.jpg 150w, https:\/\/www.bibicomedia.fr\/wp-content\/uploads\/2020\/06\/IMG_6776-300x300.jpg 300w, https:\/\/www.bibicomedia.fr\/wp-content\/uploads\/2020\/06\/IMG_6776-100x100.jpg 100w\" sizes=\"(max-width: 150px) 100vw, 150px\" \/><\/a>\n\t\t\t<\/dt><\/dl><dl class='gallery-item'>\n\t\t\t<dt class='gallery-icon portrait'>\n\t\t\t\t<a data-elementor-open-lightbox=\"yes\" data-elementor-lightbox-slideshow=\"4dee93b\" data-elementor-lightbox-title=\"Caf\u00e9 BIBI COMEDIA\" e-action-hash=\"#elementor-action%3Aaction%3Dlightbox%26settings%3DeyJpZCI6NDAwOCwidXJsIjoiaHR0cHM6XC9cL3d3dy5iaWJpY29tZWRpYS5mclwvd3AtY29udGVudFwvdXBsb2Fkc1wvMjAyMFwvMDZcL0lNR183MDM3LmpwZyIsInNsaWRlc2hvdyI6IjRkZWU5M2IifQ%3D%3D\" href='https:\/\/www.bibicomedia.fr\/wp-content\/uploads\/2020\/06\/IMG_7037.jpg'><img width=\"150\" height=\"150\" src=\"https:\/\/www.bibicomedia.fr\/wp-content\/uploads\/2020\/06\/IMG_7037-150x150.jpg\" class=\"attachment-thumbnail size-thumbnail\" alt=\"\" loading=\"lazy\" srcset=\"https:\/\/www.bibicomedia.fr\/wp-content\/uploads\/2020\/06\/IMG_7037-150x150.jpg 150w, https:\/\/www.bibicomedia.fr\/wp-content\/uploads\/2020\/06\/IMG_7037-300x300.jpg 300w, https:\/\/www.bibicomedia.fr\/wp-content\/uploads\/2020\/06\/IMG_7037-100x100.jpg 100w\" sizes=\"(max-width: 150px) 100vw, 150px\" \/><\/a>\n\t\t\t<\/dt><\/dl><br style=\"clear: both\" \/><dl class='gallery-item'>\n\t\t\t<dt class='gallery-icon portrait'>\n\t\t\t\t<a data-elementor-open-lightbox=\"yes\" data-elementor-lightbox-slideshow=\"4dee93b\" data-elementor-lightbox-title=\"Public BIBI COMEDIA\" e-action-hash=\"#elementor-action%3Aaction%3Dlightbox%26settings%3DeyJpZCI6NDAwOSwidXJsIjoiaHR0cHM6XC9cL3d3dy5iaWJpY29tZWRpYS5mclwvd3AtY29udGVudFwvdXBsb2Fkc1wvMjAyMFwvMDZcLzQ3NjgwMjgzXzIwMzE4NTI1MjAxODY0NzBfMzQyMjQ1Mzk0MTE3NzE1NTU4NF9uLmpwZyIsInNsaWRlc2hvdyI6IjRkZWU5M2IifQ%3D%3D\" href='https:\/\/www.bibicomedia.fr\/wp-content\/uploads\/2020\/06\/47680283_2031852520186470_3422453941177155584_n.jpg'><img width=\"150\" height=\"150\" src=\"https:\/\/www.bibicomedia.fr\/wp-content\/uploads\/2020\/06\/47680283_2031852520186470_3422453941177155584_n-150x150.jpg\" class=\"attachment-thumbnail size-thumbnail\" alt=\"\" loading=\"lazy\" srcset=\"https:\/\/www.bibicomedia.fr\/wp-content\/uploads\/2020\/06\/47680283_2031852520186470_3422453941177155584_n-150x150.jpg 150w, https:\/\/www.bibicomedia.fr\/wp-content\/uploads\/2020\/06\/47680283_2031852520186470_3422453941177155584_n-300x300.jpg 300w, https:\/\/www.bibicomedia.fr\/wp-content\/uploads\/2020\/06\/47680283_2031852520186470_3422453941177155584_n-100x100.jpg 100w\" sizes=\"(max-width: 150px) 100vw, 150px\" \/><\/a>\n\t\t\t<\/dt><\/dl><dl class='gallery-item'>\n\t\t\t<dt class='gallery-icon landscape'>\n\t\t\t\t<a data-elementor-open-lightbox=\"yes\" data-elementor-lightbox-slideshow=\"4dee93b\" data-elementor-lightbox-title=\"BIBI COMEDIA\" e-action-hash=\"#elementor-action%3Aaction%3Dlightbox%26settings%3DeyJpZCI6NDAxMCwidXJsIjoiaHR0cHM6XC9cL3d3dy5iaWJpY29tZWRpYS5mclwvd3AtY29udGVudFwvdXBsb2Fkc1wvMjAyMFwvMDZcL0IzMjIyRjM0LTdBMzctNEQ2NC1BN0Y0LTVCNzc3NTM5ODRGNi1jb3BpZS5qcGciLCJzbGlkZXNob3ciOiI0ZGVlOTNiIn0%3D\" href='https:\/\/www.bibicomedia.fr\/wp-content\/uploads\/2020\/06\/B3222F34-7A37-4D64-A7F4-5B77753984F6-copie.jpg'><img width=\"150\" height=\"150\" src=\"https:\/\/www.bibicomedia.fr\/wp-content\/uploads\/2020\/06\/B3222F34-7A37-4D64-A7F4-5B77753984F6-copie-150x150.jpg\" class=\"attachment-thumbnail size-thumbnail\" alt=\"\" loading=\"lazy\" srcset=\"https:\/\/www.bibicomedia.fr\/wp-content\/uploads\/2020\/06\/B3222F34-7A37-4D64-A7F4-5B77753984F6-copie-150x150.jpg 150w, https:\/\/www.bibicomedia.fr\/wp-content\/uploads\/2020\/06\/B3222F34-7A37-4D64-A7F4-5B77753984F6-copie-300x300.jpg 300w, https:\/\/www.bibicomedia.fr\/wp-content\/uploads\/2020\/06\/B3222F34-7A37-4D64-A7F4-5B77753984F6-copie-100x100.jpg 100w\" sizes=\"(max-width: 150px) 100vw, 150px\" \/><\/a>\n\t\t\t<\/dt><\/dl><dl class='gallery-item'>\n\t\t\t<dt class='gallery-icon landscape'>\n\t\t\t\t<a data-elementor-open-lightbox=\"yes\" data-elementor-lightbox-slideshow=\"4dee93b\" data-elementor-lightbox-title=\"THEATRE BIBI COMEDIA\" e-action-hash=\"#elementor-action%3Aaction%3Dlightbox%26settings%3DeyJpZCI6NDAxMSwidXJsIjoiaHR0cHM6XC9cL3d3dy5iaWJpY29tZWRpYS5mclwvd3AtY29udGVudFwvdXBsb2Fkc1wvMjAyMFwvMDZcL0lNR184OTg5LWNvcGllLXNjYWxlZC5qcGciLCJzbGlkZXNob3ciOiI0ZGVlOTNiIn0%3D\" href='https:\/\/www.bibicomedia.fr\/wp-content\/uploads\/2020\/06\/IMG_8989-copie-scaled.jpg'><img width=\"150\" height=\"150\" src=\"https:\/\/www.bibicomedia.fr\/wp-content\/uploads\/2020\/06\/IMG_8989-copie-150x150.jpg\" class=\"attachment-thumbnail size-thumbnail\" alt=\"\" loading=\"lazy\" srcset=\"https:\/\/www.bibicomedia.fr\/wp-content\/uploads\/2020\/06\/IMG_8989-copie-150x150.jpg 150w, https:\/\/www.bibicomedia.fr\/wp-content\/uploads\/2020\/06\/IMG_8989-copie-300x300.jpg 300w, https:\/\/www.bibicomedia.fr\/wp-content\/uploads\/2020\/06\/IMG_8989-copie-100x100.jpg 100w\" sizes=\"(max-width: 150px) 100vw, 150px\" \/><\/a>\n\t\t\t<\/dt><\/dl><dl class='gallery-item'>\n\t\t\t<dt class='gallery-icon portrait'>\n\t\t\t\t<a data-elementor-open-lightbox=\"yes\" data-elementor-lightbox-slideshow=\"4dee93b\" data-elementor-lightbox-title=\"THEATRE\" e-action-hash=\"#elementor-action%3Aaction%3Dlightbox%26settings%3DeyJpZCI6NDAxMiwidXJsIjoiaHR0cHM6XC9cL3d3dy5iaWJpY29tZWRpYS5mclwvd3AtY29udGVudFwvdXBsb2Fkc1wvMjAyMFwvMDZcL0lNR18yNTE2LWNvcGllLXNjYWxlZC5qcGciLCJzbGlkZXNob3ciOiI0ZGVlOTNiIn0%3D\" href='https:\/\/www.bibicomedia.fr\/wp-content\/uploads\/2020\/06\/IMG_2516-copie-scaled.jpg'><img width=\"150\" height=\"150\" src=\"https:\/\/www.bibicomedia.fr\/wp-content\/uploads\/2020\/06\/IMG_2516-copie-150x150.jpg\" class=\"attachment-thumbnail size-thumbnail\" alt=\"\" loading=\"lazy\" srcset=\"https:\/\/www.bibicomedia.fr\/wp-content\/uploads\/2020\/06\/IMG_2516-copie-150x150.jpg 150w, https:\/\/www.bibicomedia.fr\/wp-content\/uploads\/2020\/06\/IMG_2516-copie-300x300.jpg 300w, https:\/\/www.bibicomedia.fr\/wp-content\/uploads\/2020\/06\/IMG_2516-copie-100x100.jpg 100w\" sizes=\"(max-width: 150px) 100vw, 150px\" \/><\/a>\n\t\t\t<\/dt><\/dl><br style=\"clear: both\" \/>\n\t\t<\/div>\n\t\t<\/div>\n\t\t\t\t<\/div>\n\t\t\t\t<\/div>\n\t\t\t\t\t\t<\/div>\n\t\t\t\t\t<\/div>\n\t\t<\/div>\n\t\t\t\t\t\t\t\t<\/div>\n\t\t\t\t\t<\/div>\n\t\t<\/section>\n\t\t\t\t<section class=\"elementor-section elementor-top-section elementor-element elementor-element-3b75dbc elementor-section-boxed elementor-section-height-default elementor-section-height-default\" data-id=\"3b75dbc\" data-element_type=\"section\">\n\t\t\t\t\t\t<div class=\"elementor-container elementor-column-gap-default\">\n\t\t\t\t\t\t\t<div class=\"elementor-row\">\n\t\t\t\t\t<div class=\"elementor-column elementor-col-100 elementor-top-column elementor-element elementor-element-d08d00e\" data-id=\"d08d00e\" data-element_type=\"column\">\n\t\t\t<div class=\"elementor-column-wrap elementor-element-populated\">\n\t\t\t\t\t\t\t<div class=\"elementor-widget-wrap\">\n\t\t\t\t\t\t<div class=\"elementor-element elementor-element-74aa553 elementor-widget elementor-widget-text-editor\" data-id=\"74aa553\" data-element_type=\"widget\" data-widget_type=\"text-editor.default\">\n\t\t\t\t<div class=\"elementor-widget-container\">\n\t\t\t\t\t\t\t\t<div class=\"elementor-text-editor elementor-clearfix\">\n\t\t\t\t<p>Le th\u00e9\u00e2tre BIBI COMEDIA offre au public une programmation ouverte \u00e0 tous, sous le signe de la diversit\u00e9\u00a0: Th\u00e9\u00e2tre, chant, musique live, soir\u00e9es \u00e0 th\u00e8mes, conf\u00e9rences, organisation d\u2019\u00e9v\u00e8nements, expositions, vernissages.<\/p><p>Des artistes renomm\u00e9s comme Zize, Jean Fi Jeansens, Jean-Yves Lafesse\u2026 sont venus fouler les planches du BIBI COMEDIA.<\/p>\t\t\t\t\t<\/div>\n\t\t\t\t\t\t<\/div>\n\t\t\t\t<\/div>\n\t\t\t\t\t\t<\/div>\n\t\t\t\t\t<\/div>\n\t\t<\/div>\n\t\t\t\t\t\t\t\t<\/div>\n\t\t\t\t\t<\/div>\n\t\t<\/section>\n\t\t\t\t\t\t\t\t\t<\/div>\n\t\t\t<\/div>\n\t\t\t\t\t<\/div>\n\t\t","protected":false},"excerpt":{"rendered":"<p> <span class=\"read-more\"><a class=\"more-link btn btn-transparent\" href=\"https:\/\/www.bibicomedia.fr\/index.php\/le-theatre\/\"><\/a><\/span><\/p>\n","protected":false},"author":5,"featured_media":0,"parent":0,"menu_order":0,"comment_status":"closed","ping_status":"closed","template":"","meta":{"_coblocks_attr":"","_coblocks_dimensions":"","_coblocks_responsive_height":"","_coblocks_accordion_ie_support":"","_uag_custom_page_level_css":""},"uagb_featured_image_src":{"full":false,"thumbnail":false,"medium":false,"medium_large":false,"large":false,"1536x1536":false,"2048x2048":false,"post-thumbnail":false,"rock-star-slider":false,"rock-star-featured":false,"rock-star-landscape":false,"rock-star-small":false,"woocommerce_thumbnail":false,"woocommerce_single":false,"woocommerce_gallery_thumbnail":false},"uagb_author_info":{"display_name":"aurelie NICOLLET","author_link":"https:\/\/www.bibicomedia.fr\/index.php\/author\/t4aog6lep\/"},"uagb_comment_info":0,"uagb_excerpt":null,"_links":{"self":[{"href":"https:\/\/www.bibicomedia.fr\/index.php\/wp-json\/wp\/v2\/pages\/4000"}],"collection":[{"href":"https:\/\/www.bibicomedia.fr\/index.php\/wp-json\/wp\/v2\/pages"}],"about":[{"href":"https:\/\/www.bibicomedia.fr\/index.php\/wp-json\/wp\/v2\/types\/page"}],"author":[{"embeddable":true,"href":"https:\/\/www.bibicomedia.fr\/index.php\/wp-json\/wp\/v2\/users\/5"}],"replies":[{"embeddable":true,"href":"https:\/\/www.bibicomedia.fr\/index.php\/wp-json\/wp\/v2\/comments?post=4000"}],"version-history":[{"count":7,"href":"https:\/\/www.bibicomedia.fr\/index.php\/wp-json\/wp\/v2\/pages\/4000\/revisions"}],"predecessor-version":[{"id":4019,"href":"https:\/\/www.bibicomedia.fr\/index.php\/wp-json\/wp\/v2\/pages\/4000\/revisions\/4019"}],"wp:attachment":[{"href":"https:\/\/www.bibicomedia.fr\/index.php\/wp-json\/wp\/v2\/media?parent=4000"}],"curies":[{"name":"wp","href":"https:\/\/api.w.org\/{rel}","templated":true}]}}