{"id":4023,"date":"2020-06-23T15:11:15","date_gmt":"2020-06-23T13:11:15","guid":{"rendered":"https:\/\/www.bibicomedia.fr\/?page_id=4023"},"modified":"2020-06-24T14:33:21","modified_gmt":"2020-06-24T12:33:21","slug":"contact","status":"publish","type":"page","link":"https:\/\/www.bibicomedia.fr\/index.php\/contact\/","title":{"rendered":"CONTACT"},"content":{"rendered":"\t\t<div data-elementor-type=\"wp-page\" data-elementor-id=\"4023\" class=\"elementor elementor-4023\" data-elementor-settings=\"[]\">\n\t\t\t\t\t\t<div class=\"elementor-inner\">\n\t\t\t\t\t\t\t<div class=\"elementor-section-wrap\">\n\t\t\t\t\t\t\t<section class=\"elementor-section elementor-top-section elementor-element elementor-element-b2b38ce elementor-section-boxed elementor-section-height-default elementor-section-height-default\" data-id=\"b2b38ce\" data-element_type=\"section\">\n\t\t\t\t\t\t<div class=\"elementor-container elementor-column-gap-default\">\n\t\t\t\t\t\t\t<div class=\"elementor-row\">\n\t\t\t\t\t<div class=\"elementor-column elementor-col-50 elementor-top-column elementor-element elementor-element-6605750\" data-id=\"6605750\" data-element_type=\"column\">\n\t\t\t<div class=\"elementor-column-wrap elementor-element-populated\">\n\t\t\t\t\t\t\t<div class=\"elementor-widget-wrap\">\n\t\t\t\t\t\t<div class=\"elementor-element elementor-element-88b203f elementor-widget elementor-widget-google_maps\" data-id=\"88b203f\" data-element_type=\"widget\" data-widget_type=\"google_maps.default\">\n\t\t\t\t<div class=\"elementor-widget-container\">\n\t\t\t<div class=\"elementor-custom-embed\"><iframe frameborder=\"0\" scrolling=\"no\" marginheight=\"0\" marginwidth=\"0\" src=\"https:\/\/maps.google.com\/maps?q=35%20Rue%20de%20Ch%C3%A2teaudun%2C%2083700%20Saint-Rapha%C3%ABl&amp;t=m&amp;z=15&amp;output=embed&amp;iwloc=near\" title=\"35 Rue de Ch\u00e2teaudun, 83700 Saint-Rapha\u00ebl\" aria-label=\"35 Rue de Ch\u00e2teaudun, 83700 Saint-Rapha\u00ebl\"><\/iframe><\/div>\t\t<\/div>\n\t\t\t\t<\/div>\n\t\t\t\t\t\t<\/div>\n\t\t\t\t\t<\/div>\n\t\t<\/div>\n\t\t\t\t<div class=\"elementor-column elementor-col-50 elementor-top-column elementor-element elementor-element-7c096d5\" data-id=\"7c096d5\" data-element_type=\"column\">\n\t\t\t<div class=\"elementor-column-wrap elementor-element-populated\">\n\t\t\t\t\t\t\t<div class=\"elementor-widget-wrap\">\n\t\t\t\t\t\t<div class=\"elementor-element elementor-element-8dea632 elementor-widget elementor-widget-text-editor\" data-id=\"8dea632\" data-element_type=\"widget\" data-widget_type=\"text-editor.default\">\n\t\t\t\t<div class=\"elementor-widget-container\">\n\t\t\t\t\t<div class=\"elementor-text-editor elementor-clearfix\"><p><img loading=\"lazy\" class=\"alignnone size-medium wp-image-3990\" src=\"https:\/\/www.bibicomedia.fr\/wp-content\/uploads\/2020\/06\/BIBI-contact-copie-300x188.png\" alt=\"Contact BIBI COMEDIA\" width=\"300\" height=\"188\" srcset=\"https:\/\/www.bibicomedia.fr\/wp-content\/uploads\/2020\/06\/BIBI-contact-copie-300x188.png 300w, https:\/\/www.bibicomedia.fr\/wp-content\/uploads\/2020\/06\/BIBI-contact-copie-1024x640.png 1024w, https:\/\/www.bibicomedia.fr\/wp-content\/uploads\/2020\/06\/BIBI-contact-copie-768x480.png 768w, https:\/\/www.bibicomedia.fr\/wp-content\/uploads\/2020\/06\/BIBI-contact-copie-600x375.png 600w, https:\/\/www.bibicomedia.fr\/wp-content\/uploads\/2020\/06\/BIBI-contact-copie.png 1280w\" sizes=\"(max-width: 300px) 100vw, 300px\" \/>06.95.77.35.59<\/p><p><a href=\"mailto:bibicomedia@orange.fr\">bibicomedia@orange.fr<\/a><\/p><\/div>\n\t\t\t\t<\/div>\n\t\t\t\t<\/div>\n\t\t\t\t\t\t<\/div>\n\t\t\t\t\t<\/div>\n\t\t<\/div>\n\t\t\t\t\t\t\t\t<\/div>\n\t\t\t\t\t<\/div>\n\t\t<\/section>\n\t\t\t\t<section class=\"elementor-section elementor-top-section elementor-element elementor-element-8464817 elementor-section-boxed elementor-section-height-default elementor-section-height-default\" data-id=\"8464817\" data-element_type=\"section\">\n\t\t\t\t\t\t<div class=\"elementor-container elementor-column-gap-default\">\n\t\t\t\t\t\t\t<div class=\"elementor-row\">\n\t\t\t\t\t<div class=\"elementor-column elementor-col-100 elementor-top-column elementor-element elementor-element-7d84d07\" data-id=\"7d84d07\" data-element_type=\"column\">\n\t\t\t<div class=\"elementor-column-wrap elementor-element-populated\">\n\t\t\t\t\t\t\t<div class=\"elementor-widget-wrap\">\n\t\t\t\t\t\t<div class=\"elementor-element elementor-element-ccf4606 elementor-widget elementor-widget-text-editor\" data-id=\"ccf4606\" data-element_type=\"widget\" data-widget_type=\"text-editor.default\">\n\t\t\t\t<div class=\"elementor-widget-container\">\n\t\t\t\t\t<div class=\"elementor-text-editor elementor-clearfix\"><p>Le th\u00e9\u00e2tre est situ\u00e9 au 35, place chateaudun, \u00e0 cot\u00e9 du centre culturel, du march\u00e9 r\u00e9publique et de l\u2019\u00e9glise des templiers de Saint-Rapha\u00ebl. Les parkings Cagnat, du Lido, Lamartine, Victor Hugo et Isnard se trouvent \u00e0 proximit\u00e9 du th\u00e9\u00e2tre.<\/p><\/div>\n\t\t\t\t<\/div>\n\t\t\t\t<\/div>\n\t\t\t\t\t\t<\/div>\n\t\t\t\t\t<\/div>\n\t\t<\/div>\n\t\t\t\t\t\t\t\t<\/div>\n\t\t\t\t\t<\/div>\n\t\t<\/section>\n\t\t\t\t\t\t<\/div>\n\t\t\t\t\t\t<\/div>\n\t\t\t\t\t<\/div>\n\t\t","protected":false},"excerpt":{"rendered":"<p> <span class=\"read-more\"><a class=\"more-link btn btn-transparent\" href=\"https:\/\/www.bibicomedia.fr\/index.php\/contact\/\"><\/a><\/span><\/p>\n","protected":false},"author":5,"featured_media":0,"parent":0,"menu_order":0,"comment_status":"closed","ping_status":"closed","template":"","meta":{"_coblocks_attr":"","_coblocks_dimensions":"","_coblocks_responsive_height":"","_coblocks_accordion_ie_support":"","_uag_custom_page_level_css":""},"uagb_featured_image_src":{"full":false,"thumbnail":false,"medium":false,"medium_large":false,"large":false,"1536x1536":false,"2048x2048":false,"post-thumbnail":false,"rock-star-slider":false,"rock-star-featured":false,"rock-star-landscape":false,"rock-star-small":false,"woocommerce_thumbnail":false,"woocommerce_single":false,"woocommerce_gallery_thumbnail":false},"uagb_author_info":{"display_name":"aurelie NICOLLET","author_link":"https:\/\/www.bibicomedia.fr\/index.php\/author\/t4aog6lep\/"},"uagb_comment_info":0,"uagb_excerpt":null,"_links":{"self":[{"href":"https:\/\/www.bibicomedia.fr\/index.php\/wp-json\/wp\/v2\/pages\/4023"}],"collection":[{"href":"https:\/\/www.bibicomedia.fr\/index.php\/wp-json\/wp\/v2\/pages"}],"about":[{"href":"https:\/\/www.bibicomedia.fr\/index.php\/wp-json\/wp\/v2\/types\/page"}],"author":[{"embeddable":true,"href":"https:\/\/www.bibicomedia.fr\/index.php\/wp-json\/wp\/v2\/users\/5"}],"replies":[{"embeddable":true,"href":"https:\/\/www.bibicomedia.fr\/index.php\/wp-json\/wp\/v2\/comments?post=4023"}],"version-history":[{"count":5,"href":"https:\/\/www.bibicomedia.fr\/index.php\/wp-json\/wp\/v2\/pages\/4023\/revisions"}],"predecessor-version":[{"id":4044,"href":"https:\/\/www.bibicomedia.fr\/index.php\/wp-json\/wp\/v2\/pages\/4023\/revisions\/4044"}],"wp:attachment":[{"href":"https:\/\/www.bibicomedia.fr\/index.php\/wp-json\/wp\/v2\/media?parent=4023"}],"curies":[{"name":"wp","href":"https:\/\/api.w.org\/{rel}","templated":true}]}}