{"id":10061,"date":"2024-11-19T09:26:30","date_gmt":"2024-11-19T08:26:30","guid":{"rendered":"https:\/\/www.bibicomedia.fr\/?post_type=product&#038;p=10061"},"modified":"2025-04-10T11:15:33","modified_gmt":"2025-04-10T09:15:33","slug":"cabaret-vip-19-avril","status":"publish","type":"product","link":"https:\/\/www.bibicomedia.fr\/index.php\/produit\/cabaret-vip-19-avril\/","title":{"rendered":"CABARET VIP 19 AVRIL"},"content":{"rendered":"<p>Je r\u00e9serve mes places pour la Soir\u00e9e Cabaret \u00ab\u00a0I-DOLLS DISCO\u00a0\u00bb<\/p>\n<p>Date :<strong>\u00a0Samedi 19 Avril 2025<\/strong><\/p>\n<p>Heure :\u00a0<strong>De 19h \u00e0 minuit<\/strong><\/p>\n<p>Lieu : <strong>ESTEREL ARENA<\/strong><\/p>\n<p>Ouverture des portes de la salle 30 minutes avant chaque repr\u00e9sentation.<\/p>\n<p><strong>FORMULE VIP comprenant 1 Entr\u00e9e spectacle cabaret \u00a0+ 1 planche sal\u00e9e 1 personne + 1 verre de vin<\/strong><\/p>\n","protected":false},"excerpt":{"rendered":"<p>Je r\u00e9serve mes places pour la Soir\u00e9e Cabaret \u00ab\u00a0I-DOLLS DISCO\u00a0\u00bb<\/p>\n<p>Date :<strong>\u00a0Samedi 19 Avril 2025<\/strong><\/p>\n<p>Heure :\u00a0<strong>De 19h \u00e0 minuit<\/strong><\/p>\n<p>Lieu : <strong>ESTEREL ARENA<\/strong><\/p>\n<p>Ouverture des portes de la salle 30 minutes avant chaque repr\u00e9sentation.<\/p>\n<p><strong>FORMULE VIP comprenant 1 Entr\u00e9e spectacle cabaret \u00a0+ 1 planche sal\u00e9e 1 personne + 1 verre de vin<\/strong> <span class=\"read-more\"><a class=\"more-link btn btn-transparent\" href=\"https:\/\/www.bibicomedia.fr\/index.php\/produit\/cabaret-vip-19-avril\/\"><\/a><\/span><\/p>\n","protected":false},"featured_media":10062,"template":"","meta":{"_coblocks_attr":"","_coblocks_dimensions":"","_coblocks_responsive_height":"","_coblocks_accordion_ie_support":"","_uag_custom_page_level_css":""},"product_cat":[193],"product_tag":[],"uagb_featured_image_src":{"full":["https:\/\/www.bibicomedia.fr\/wp-content\/uploads\/2024\/11\/Capture-decran-2024-11-19-a-09.24.30.png",488,486,false],"thumbnail":["https:\/\/www.bibicomedia.fr\/wp-content\/uploads\/2024\/11\/Capture-decran-2024-11-19-a-09.24.30-150x150.png",150,150,true],"medium":["https:\/\/www.bibicomedia.fr\/wp-content\/uploads\/2024\/11\/Capture-decran-2024-11-19-a-09.24.30-300x300.png",300,300,true],"medium_large":["https:\/\/www.bibicomedia.fr\/wp-content\/uploads\/2024\/11\/Capture-decran-2024-11-19-a-09.24.30.png",488,486,false],"large":["https:\/\/www.bibicomedia.fr\/wp-content\/uploads\/2024\/11\/Capture-decran-2024-11-19-a-09.24.30.png",488,486,false],"1536x1536":["https:\/\/www.bibicomedia.fr\/wp-content\/uploads\/2024\/11\/Capture-decran-2024-11-19-a-09.24.30.png",488,486,false],"2048x2048":["https:\/\/www.bibicomedia.fr\/wp-content\/uploads\/2024\/11\/Capture-decran-2024-11-19-a-09.24.30.png",488,486,false],"post-thumbnail":["https:\/\/www.bibicomedia.fr\/wp-content\/uploads\/2024\/11\/Capture-decran-2024-11-19-a-09.24.30-420x280.png",420,280,true],"rock-star-slider":["https:\/\/www.bibicomedia.fr\/wp-content\/uploads\/2024\/11\/Capture-decran-2024-11-19-a-09.24.30.png",488,486,false],"rock-star-featured":["https:\/\/www.bibicomedia.fr\/wp-content\/uploads\/2024\/11\/Capture-decran-2024-11-19-a-09.24.30.png",488,486,false],"rock-star-landscape":["https:\/\/www.bibicomedia.fr\/wp-content\/uploads\/2024\/11\/Capture-decran-2024-11-19-a-09.24.30-385x257.png",385,257,true],"rock-star-small":["https:\/\/www.bibicomedia.fr\/wp-content\/uploads\/2024\/11\/Capture-decran-2024-11-19-a-09.24.30-90x68.png",90,68,true],"woocommerce_thumbnail":["https:\/\/www.bibicomedia.fr\/wp-content\/uploads\/2024\/11\/Capture-decran-2024-11-19-a-09.24.30-300x300.png",300,300,true],"woocommerce_single":["https:\/\/www.bibicomedia.fr\/wp-content\/uploads\/2024\/11\/Capture-decran-2024-11-19-a-09.24.30.png",488,486,false],"woocommerce_gallery_thumbnail":["https:\/\/www.bibicomedia.fr\/wp-content\/uploads\/2024\/11\/Capture-decran-2024-11-19-a-09.24.30-100x100.png",100,100,true]},"uagb_author_info":{"display_name":"aurelie NICOLLET","author_link":"https:\/\/www.bibicomedia.fr\/index.php\/author\/"},"uagb_comment_info":0,"uagb_excerpt":"Je r\u00e9serve mes places pour la Soir\u00e9e Cabaret \"I-DOLLS DISCO\" Date :\u00a0Samedi 19 Avril 2025 Heure :\u00a0De 19h \u00e0 minuit Lieu : ESTEREL ARENA Ouverture des portes de la salle 30 minutes avant chaque repr\u00e9sentation. FORMULE VIP comprenant 1 Entr\u00e9e spectacle cabaret \u00a0+ 1 planche sal\u00e9e 1 personne + 1 verre de vin","_links":{"self":[{"href":"https:\/\/www.bibicomedia.fr\/index.php\/wp-json\/wp\/v2\/product\/10061"}],"collection":[{"href":"https:\/\/www.bibicomedia.fr\/index.php\/wp-json\/wp\/v2\/product"}],"about":[{"href":"https:\/\/www.bibicomedia.fr\/index.php\/wp-json\/wp\/v2\/types\/product"}],"wp:featuredmedia":[{"embeddable":true,"href":"https:\/\/www.bibicomedia.fr\/index.php\/wp-json\/wp\/v2\/media\/10062"}],"wp:attachment":[{"href":"https:\/\/www.bibicomedia.fr\/index.php\/wp-json\/wp\/v2\/media?parent=10061"}],"wp:term":[{"taxonomy":"product_cat","embeddable":true,"href":"https:\/\/www.bibicomedia.fr\/index.php\/wp-json\/wp\/v2\/product_cat?post=10061"},{"taxonomy":"product_tag","embeddable":true,"href":"https:\/\/www.bibicomedia.fr\/index.php\/wp-json\/wp\/v2\/product_tag?post=10061"}],"curies":[{"name":"wp","href":"https:\/\/api.w.org\/{rel}","templated":true}]}}