{"id":11427,"date":"2025-11-03T09:16:29","date_gmt":"2025-11-03T08:16:29","guid":{"rendered":"https:\/\/www.bibicomedia.fr\/?post_type=product&#038;p=11427"},"modified":"2026-04-14T15:11:09","modified_gmt":"2026-04-14T13:11:09","slug":"running-crossfit-mojito-4-decembre-18h","status":"publish","type":"product","link":"https:\/\/www.bibicomedia.fr\/index.php\/produit\/running-crossfit-mojito-4-decembre-18h\/","title":{"rendered":"RUNNING CROSSFIT &#038; MOJITO &#8211; 4 D\u00e9cembre &#8211; 18h"},"content":{"rendered":"<p>Je r\u00e9serve mes places pour le spectacle \u00ab\u00a0Running Crossfit &amp; Mojito\u00a0\u00bb<\/p>\n<p>Date :<strong> Vendredi 4 D\u00e9cembre 2026<\/strong><\/p>\n<p>Heure : <strong>18 h<\/strong><\/p>\n<p>Lieu : <strong>Bibi Comedia<\/strong><\/p>\n<p>Ouverture des portes de votre th\u00e9\u00e2tre 30 minutes avant chaque repr\u00e9sentation.<\/p>\n","protected":false},"excerpt":{"rendered":"<p>Je r\u00e9serve mes places pour le spectacle \u00ab\u00a0Running Crossfit &amp; Mojito\u00a0\u00bb<\/p>\n<p>Date :<strong> Vendredi 4 D\u00e9cembre 2026<\/strong><\/p>\n<p>Heure : <strong>18 h<\/strong><\/p>\n<p>Lieu : <strong>Bibi Comedia<\/strong><\/p>\n<p>Ouverture des portes de votre th\u00e9\u00e2tre 30 minutes avant chaque repr\u00e9sentation. <span class=\"read-more\"><a class=\"more-link btn btn-transparent\" href=\"https:\/\/www.bibicomedia.fr\/index.php\/produit\/running-crossfit-mojito-4-decembre-18h\/\"><\/a><\/span><\/p>\n","protected":false},"featured_media":12666,"template":"","meta":{"_coblocks_attr":"","_coblocks_dimensions":"","_coblocks_responsive_height":"","_coblocks_accordion_ie_support":"","_uag_custom_page_level_css":""},"product_cat":[209],"product_tag":[],"uagb_featured_image_src":{"full":["https:\/\/www.bibicomedia.fr\/wp-content\/uploads\/2025\/11\/Capture-decran-2026-04-14-a-15.01.39.png",410,402,false],"thumbnail":["https:\/\/www.bibicomedia.fr\/wp-content\/uploads\/2025\/11\/Capture-decran-2026-04-14-a-15.01.39-150x150.png",150,150,true],"medium":["https:\/\/www.bibicomedia.fr\/wp-content\/uploads\/2025\/11\/Capture-decran-2026-04-14-a-15.01.39-300x294.png",300,294,true],"medium_large":["https:\/\/www.bibicomedia.fr\/wp-content\/uploads\/2025\/11\/Capture-decran-2026-04-14-a-15.01.39.png",410,402,false],"large":["https:\/\/www.bibicomedia.fr\/wp-content\/uploads\/2025\/11\/Capture-decran-2026-04-14-a-15.01.39.png",410,402,false],"1536x1536":["https:\/\/www.bibicomedia.fr\/wp-content\/uploads\/2025\/11\/Capture-decran-2026-04-14-a-15.01.39.png",410,402,false],"2048x2048":["https:\/\/www.bibicomedia.fr\/wp-content\/uploads\/2025\/11\/Capture-decran-2026-04-14-a-15.01.39.png",410,402,false],"post-thumbnail":["https:\/\/www.bibicomedia.fr\/wp-content\/uploads\/2025\/11\/Capture-decran-2026-04-14-a-15.01.39-410x280.png",410,280,true],"rock-star-slider":["https:\/\/www.bibicomedia.fr\/wp-content\/uploads\/2025\/11\/Capture-decran-2026-04-14-a-15.01.39.png",410,402,false],"rock-star-featured":["https:\/\/www.bibicomedia.fr\/wp-content\/uploads\/2025\/11\/Capture-decran-2026-04-14-a-15.01.39.png",410,402,false],"rock-star-landscape":["https:\/\/www.bibicomedia.fr\/wp-content\/uploads\/2025\/11\/Capture-decran-2026-04-14-a-15.01.39-385x257.png",385,257,true],"rock-star-small":["https:\/\/www.bibicomedia.fr\/wp-content\/uploads\/2025\/11\/Capture-decran-2026-04-14-a-15.01.39-90x68.png",90,68,true],"woocommerce_thumbnail":["https:\/\/www.bibicomedia.fr\/wp-content\/uploads\/2025\/11\/Capture-decran-2026-04-14-a-15.01.39-300x300.png",300,300,true],"woocommerce_single":["https:\/\/www.bibicomedia.fr\/wp-content\/uploads\/2025\/11\/Capture-decran-2026-04-14-a-15.01.39.png",410,402,false],"woocommerce_gallery_thumbnail":["https:\/\/www.bibicomedia.fr\/wp-content\/uploads\/2025\/11\/Capture-decran-2026-04-14-a-15.01.39-100x100.png",100,100,true]},"uagb_author_info":{"display_name":"aurelie NICOLLET","author_link":"https:\/\/www.bibicomedia.fr\/index.php\/author\/"},"uagb_comment_info":0,"uagb_excerpt":"Je r\u00e9serve mes places pour le spectacle \"Running Crossfit &amp; Mojito\" Date : Vendredi 4 D\u00e9cembre 2026 Heure : 18 h Lieu : Bibi Comedia Ouverture des portes de votre th\u00e9\u00e2tre 30 minutes avant chaque repr\u00e9sentation.","_links":{"self":[{"href":"https:\/\/www.bibicomedia.fr\/index.php\/wp-json\/wp\/v2\/product\/11427"}],"collection":[{"href":"https:\/\/www.bibicomedia.fr\/index.php\/wp-json\/wp\/v2\/product"}],"about":[{"href":"https:\/\/www.bibicomedia.fr\/index.php\/wp-json\/wp\/v2\/types\/product"}],"wp:featuredmedia":[{"embeddable":true,"href":"https:\/\/www.bibicomedia.fr\/index.php\/wp-json\/wp\/v2\/media\/12666"}],"wp:attachment":[{"href":"https:\/\/www.bibicomedia.fr\/index.php\/wp-json\/wp\/v2\/media?parent=11427"}],"wp:term":[{"taxonomy":"product_cat","embeddable":true,"href":"https:\/\/www.bibicomedia.fr\/index.php\/wp-json\/wp\/v2\/product_cat?post=11427"},{"taxonomy":"product_tag","embeddable":true,"href":"https:\/\/www.bibicomedia.fr\/index.php\/wp-json\/wp\/v2\/product_tag?post=11427"}],"curies":[{"name":"wp","href":"https:\/\/api.w.org\/{rel}","templated":true}]}}