{"id":11440,"date":"2025-11-03T09:20:18","date_gmt":"2025-11-03T08:20:18","guid":{"rendered":"https:\/\/www.bibicomedia.fr\/?post_type=product&#038;p=11440"},"modified":"2026-04-14T15:15:10","modified_gmt":"2026-04-14T13:15:10","slug":"running-crossfit-mojito-4-decembre-18h-2","status":"publish","type":"product","link":"https:\/\/www.bibicomedia.fr\/index.php\/produit\/running-crossfit-mojito-4-decembre-18h-2\/","title":{"rendered":"RUNNING CROSSFIT &#038; MOJITO &#8211; 4 D\u00c9CEMBRE &#8211; 18h"},"content":{"rendered":"<h4><strong>TARIF ADHERENT<\/strong><\/h4>\n<h4><strong>Tarif r\u00e9serv\u00e9 uniquement aux personnes \u00e9tant adh\u00e9rente \u00e0 notre association, si vous souhaitez \u00eatre un BIBI VIP <a href=\"https:\/\/www.bibicomedia.fr\/index.php\/2020\/07\/16\/carte-adherent\/\" target=\"_blank\" rel=\"noopener\">CLIQUEZ ICI<\/a><\/strong><\/h4>\n<p>&#8212;&#8212;&#8212;&#8212;&#8212;&#8212;&#8212;&#8212;&#8212;&#8212;&#8212;&#8212;&#8212;&#8212;&#8212;&#8212;&#8212;&#8212;&#8212;&#8212;&#8212;&#8212;&#8212;&#8212;&#8212;&#8212;&#8212;&#8212;&#8212;&#8212;&#8212;&#8212;&#8212;&#8212;&#8212;&#8212;&#8212;&#8212;&#8212;&#8212;&#8212;&#8212;&#8212;&#8212;&#8212;&#8212;&#8212;&#8212;&#8212;&#8212;&#8212;&#8212;&#8212;&#8212;&#8212;&#8212;&#8212;&#8212;&#8212;&#8212;&#8212;&#8212;&#8212;&#8212;&#8212;&#8212;&#8212;<\/p>\n<p>Je r\u00e9serve mes places pour le spectacle \u00ab\u00a0Running Crossfit &amp; Mojito\u00a0\u00bb<\/p>\n<p>Date :<strong> Vendredi 4 D\u00e9cembre 2026<\/strong><\/p>\n<p>Heure : <strong>18 h<\/strong><\/p>\n<p>Lieu : <strong>Bibi Comedia<\/strong><\/p>\n<p>Ouverture des portes de votre th\u00e9\u00e2tre 30 minutes avant chaque repr\u00e9sentation.<\/p>\n","protected":false},"excerpt":{"rendered":"<h4><strong>TARIF ADHERENT<\/strong><\/h4>\n<h4><strong>Tarif r\u00e9serv\u00e9 uniquement aux personnes \u00e9tant adh\u00e9rente \u00e0 notre association, si vous souhaitez \u00eatre un BIBI VIP <a href=\"https:\/\/www.bibicomedia.fr\/index.php\/2020\/07\/16\/carte-adherent\/\" target=\"_blank\" rel=\"noopener\">CLIQUEZ ICI<\/a><\/strong><\/h4>\n<p>&#8212;&#8212;&#8212;&#8212;&#8212;&#8212;&#8212;&#8212;&#8212;&#8212;&#8212;&#8212;&#8212;&#8212;&#8212;&#8212;&#8212;&#8212;&#8212;&#8212;&#8212;&#8212;&#8212;&#8212;&#8212;&#8212;&#8212;&#8212;&#8212;&#8212;&#8212;&#8212;&#8212;&#8212;&#8212;&#8212;&#8212;&#8212;&#8212;&#8212;&#8212;&#8212;&#8212;&#8212;&#8212;&#8212;&#8212;&#8212;&#8212;&#8212;&#8212;&#8212;&#8212;&#8212;&#8212;&#8212;&#8212;&#8212;&#8212;&#8212;&#8212;&#8212;&#8212;&#8212;&#8212;&#8212;&#8212;<\/p>\n<p>Je r\u00e9serve mes places pour le spectacle \u00ab\u00a0Running Crossfit &amp; Mojito\u00a0\u00bb<\/p>\n<p>Date :<strong> Vendredi 4 D\u00e9cembre 2026<\/strong><\/p>\n<p>Heure : <strong>18 h<\/strong><\/p>\n<p>Lieu : <strong>Bibi Comedia<\/strong><\/p>\n<p>Ouverture des portes de votre th\u00e9\u00e2tre 30 minutes avant chaque repr\u00e9sentation. <span class=\"read-more\"><a class=\"more-link btn btn-transparent\" href=\"https:\/\/www.bibicomedia.fr\/index.php\/produit\/running-crossfit-mojito-4-decembre-18h-2\/\"><\/a><\/span><\/p>\n","protected":false},"featured_media":12670,"template":"","meta":{"_coblocks_attr":"","_coblocks_dimensions":"","_coblocks_responsive_height":"","_coblocks_accordion_ie_support":"","_uag_custom_page_level_css":""},"product_cat":[209],"product_tag":[],"uagb_featured_image_src":{"full":["https:\/\/www.bibicomedia.fr\/wp-content\/uploads\/2025\/11\/Capture-decran-2026-04-14-a-15.02.20.png",402,398,false],"thumbnail":["https:\/\/www.bibicomedia.fr\/wp-content\/uploads\/2025\/11\/Capture-decran-2026-04-14-a-15.02.20-150x150.png",150,150,true],"medium":["https:\/\/www.bibicomedia.fr\/wp-content\/uploads\/2025\/11\/Capture-decran-2026-04-14-a-15.02.20-300x297.png",300,297,true],"medium_large":["https:\/\/www.bibicomedia.fr\/wp-content\/uploads\/2025\/11\/Capture-decran-2026-04-14-a-15.02.20.png",402,398,false],"large":["https:\/\/www.bibicomedia.fr\/wp-content\/uploads\/2025\/11\/Capture-decran-2026-04-14-a-15.02.20.png",402,398,false],"1536x1536":["https:\/\/www.bibicomedia.fr\/wp-content\/uploads\/2025\/11\/Capture-decran-2026-04-14-a-15.02.20.png",402,398,false],"2048x2048":["https:\/\/www.bibicomedia.fr\/wp-content\/uploads\/2025\/11\/Capture-decran-2026-04-14-a-15.02.20.png",402,398,false],"post-thumbnail":["https:\/\/www.bibicomedia.fr\/wp-content\/uploads\/2025\/11\/Capture-decran-2026-04-14-a-15.02.20-402x280.png",402,280,true],"rock-star-slider":["https:\/\/www.bibicomedia.fr\/wp-content\/uploads\/2025\/11\/Capture-decran-2026-04-14-a-15.02.20.png",402,398,false],"rock-star-featured":["https:\/\/www.bibicomedia.fr\/wp-content\/uploads\/2025\/11\/Capture-decran-2026-04-14-a-15.02.20.png",402,398,false],"rock-star-landscape":["https:\/\/www.bibicomedia.fr\/wp-content\/uploads\/2025\/11\/Capture-decran-2026-04-14-a-15.02.20-385x257.png",385,257,true],"rock-star-small":["https:\/\/www.bibicomedia.fr\/wp-content\/uploads\/2025\/11\/Capture-decran-2026-04-14-a-15.02.20-90x68.png",90,68,true],"woocommerce_thumbnail":["https:\/\/www.bibicomedia.fr\/wp-content\/uploads\/2025\/11\/Capture-decran-2026-04-14-a-15.02.20-300x300.png",300,300,true],"woocommerce_single":["https:\/\/www.bibicomedia.fr\/wp-content\/uploads\/2025\/11\/Capture-decran-2026-04-14-a-15.02.20.png",402,398,false],"woocommerce_gallery_thumbnail":["https:\/\/www.bibicomedia.fr\/wp-content\/uploads\/2025\/11\/Capture-decran-2026-04-14-a-15.02.20-100x100.png",100,100,true]},"uagb_author_info":{"display_name":"aurelie NICOLLET","author_link":"https:\/\/www.bibicomedia.fr\/index.php\/author\/"},"uagb_comment_info":0,"uagb_excerpt":"TARIF ADHERENT Tarif r\u00e9serv\u00e9 uniquement aux personnes \u00e9tant adh\u00e9rente \u00e0 notre association, si vous souhaitez \u00eatre un BIBI VIP CLIQUEZ ICI --------------------------------------------------------------------------------------------------------------------------------------------------------------------------------------------------------- Je r\u00e9serve mes places pour le spectacle \"Running Crossfit &amp; Mojito\" Date : Vendredi 4 D\u00e9cembre 2026 Heure : 18 h Lieu : Bibi Comedia Ouverture des portes de votre th\u00e9\u00e2tre 30 minutes\u2026","_links":{"self":[{"href":"https:\/\/www.bibicomedia.fr\/index.php\/wp-json\/wp\/v2\/product\/11440"}],"collection":[{"href":"https:\/\/www.bibicomedia.fr\/index.php\/wp-json\/wp\/v2\/product"}],"about":[{"href":"https:\/\/www.bibicomedia.fr\/index.php\/wp-json\/wp\/v2\/types\/product"}],"wp:featuredmedia":[{"embeddable":true,"href":"https:\/\/www.bibicomedia.fr\/index.php\/wp-json\/wp\/v2\/media\/12670"}],"wp:attachment":[{"href":"https:\/\/www.bibicomedia.fr\/index.php\/wp-json\/wp\/v2\/media?parent=11440"}],"wp:term":[{"taxonomy":"product_cat","embeddable":true,"href":"https:\/\/www.bibicomedia.fr\/index.php\/wp-json\/wp\/v2\/product_cat?post=11440"},{"taxonomy":"product_tag","embeddable":true,"href":"https:\/\/www.bibicomedia.fr\/index.php\/wp-json\/wp\/v2\/product_tag?post=11440"}],"curies":[{"name":"wp","href":"https:\/\/api.w.org\/{rel}","templated":true}]}}