{"id":11583,"date":"2025-11-10T10:11:23","date_gmt":"2025-11-10T09:11:23","guid":{"rendered":"https:\/\/www.bibicomedia.fr\/?post_type=product&#038;p=11583"},"modified":"2026-01-31T17:49:05","modified_gmt":"2026-01-31T16:49:05","slug":"lamour-vache-est-il-vegan-31-janvier-20h","status":"publish","type":"product","link":"https:\/\/www.bibicomedia.fr\/index.php\/produit\/lamour-vache-est-il-vegan-31-janvier-20h\/","title":{"rendered":"L&rsquo;AMOUR VACHE EST-IL V\u00c9GAN 31 JANVIER &#8211; 20h"},"content":{"rendered":"<p>Je r\u00e9serve mes places pour le spectacle \u00ab\u00a0L&rsquo;Amour Vache est-il V\u00e9gan\u00a0\u00bb<\/p>\n<p>Date :<strong> Samedi 31 Janvier 2026<\/strong><\/p>\n<p>Heure : <strong>20 h<\/strong><\/p>\n<p>Lieu : <strong>Bibi Comedia<\/strong><\/p>\n<p>Ouverture des portes de votre th\u00e9\u00e2tre 30 minutes avant chaque repr\u00e9sentation.<\/p>\n","protected":false},"excerpt":{"rendered":"<p>Je r\u00e9serve mes places pour le spectacle \u00ab\u00a0L&rsquo;Amour Vache est-il V\u00e9gan\u00a0\u00bb<\/p>\n<p>Date :<strong> Samedi 31 Janvier 2026<\/strong><\/p>\n<p>Heure : <strong>20 h<\/strong><\/p>\n<p>Lieu : <strong>Bibi Comedia<\/strong><\/p>\n<p>Ouverture des portes de votre th\u00e9\u00e2tre 30 minutes avant chaque repr\u00e9sentation. <span class=\"read-more\"><a class=\"more-link btn btn-transparent\" href=\"https:\/\/www.bibicomedia.fr\/index.php\/produit\/lamour-vache-est-il-vegan-31-janvier-20h\/\"><\/a><\/span><\/p>\n","protected":false},"featured_media":11575,"template":"","meta":{"_coblocks_attr":"","_coblocks_dimensions":"","_coblocks_responsive_height":"","_coblocks_accordion_ie_support":"","_uag_custom_page_level_css":""},"product_cat":[149],"product_tag":[],"uagb_featured_image_src":{"full":["https:\/\/www.bibicomedia.fr\/wp-content\/uploads\/2023\/05\/Capture-decran-2025-11-10-a-10.04.32.png",488,484,false],"thumbnail":["https:\/\/www.bibicomedia.fr\/wp-content\/uploads\/2023\/05\/Capture-decran-2025-11-10-a-10.04.32-150x150.png",150,150,true],"medium":["https:\/\/www.bibicomedia.fr\/wp-content\/uploads\/2023\/05\/Capture-decran-2025-11-10-a-10.04.32-300x298.png",300,298,true],"medium_large":["https:\/\/www.bibicomedia.fr\/wp-content\/uploads\/2023\/05\/Capture-decran-2025-11-10-a-10.04.32.png",488,484,false],"large":["https:\/\/www.bibicomedia.fr\/wp-content\/uploads\/2023\/05\/Capture-decran-2025-11-10-a-10.04.32.png",488,484,false],"1536x1536":["https:\/\/www.bibicomedia.fr\/wp-content\/uploads\/2023\/05\/Capture-decran-2025-11-10-a-10.04.32.png",488,484,false],"2048x2048":["https:\/\/www.bibicomedia.fr\/wp-content\/uploads\/2023\/05\/Capture-decran-2025-11-10-a-10.04.32.png",488,484,false],"post-thumbnail":["https:\/\/www.bibicomedia.fr\/wp-content\/uploads\/2023\/05\/Capture-decran-2025-11-10-a-10.04.32-420x280.png",420,280,true],"rock-star-slider":["https:\/\/www.bibicomedia.fr\/wp-content\/uploads\/2023\/05\/Capture-decran-2025-11-10-a-10.04.32.png",488,484,false],"rock-star-featured":["https:\/\/www.bibicomedia.fr\/wp-content\/uploads\/2023\/05\/Capture-decran-2025-11-10-a-10.04.32.png",488,484,false],"rock-star-landscape":["https:\/\/www.bibicomedia.fr\/wp-content\/uploads\/2023\/05\/Capture-decran-2025-11-10-a-10.04.32-385x257.png",385,257,true],"rock-star-small":["https:\/\/www.bibicomedia.fr\/wp-content\/uploads\/2023\/05\/Capture-decran-2025-11-10-a-10.04.32-90x68.png",90,68,true],"woocommerce_thumbnail":["https:\/\/www.bibicomedia.fr\/wp-content\/uploads\/2023\/05\/Capture-decran-2025-11-10-a-10.04.32-300x300.png",300,300,true],"woocommerce_single":["https:\/\/www.bibicomedia.fr\/wp-content\/uploads\/2023\/05\/Capture-decran-2025-11-10-a-10.04.32.png",488,484,false],"woocommerce_gallery_thumbnail":["https:\/\/www.bibicomedia.fr\/wp-content\/uploads\/2023\/05\/Capture-decran-2025-11-10-a-10.04.32-100x100.png",100,100,true]},"uagb_author_info":{"display_name":"aurelie NICOLLET","author_link":"https:\/\/www.bibicomedia.fr\/index.php\/author\/"},"uagb_comment_info":0,"uagb_excerpt":"Je r\u00e9serve mes places pour le spectacle \"L'Amour Vache est-il V\u00e9gan\" Date : Samedi 31 Janvier 2026 Heure : 20 h Lieu : Bibi Comedia Ouverture des portes de votre th\u00e9\u00e2tre 30 minutes avant chaque repr\u00e9sentation.","_links":{"self":[{"href":"https:\/\/www.bibicomedia.fr\/index.php\/wp-json\/wp\/v2\/product\/11583"}],"collection":[{"href":"https:\/\/www.bibicomedia.fr\/index.php\/wp-json\/wp\/v2\/product"}],"about":[{"href":"https:\/\/www.bibicomedia.fr\/index.php\/wp-json\/wp\/v2\/types\/product"}],"wp:featuredmedia":[{"embeddable":true,"href":"https:\/\/www.bibicomedia.fr\/index.php\/wp-json\/wp\/v2\/media\/11575"}],"wp:attachment":[{"href":"https:\/\/www.bibicomedia.fr\/index.php\/wp-json\/wp\/v2\/media?parent=11583"}],"wp:term":[{"taxonomy":"product_cat","embeddable":true,"href":"https:\/\/www.bibicomedia.fr\/index.php\/wp-json\/wp\/v2\/product_cat?post=11583"},{"taxonomy":"product_tag","embeddable":true,"href":"https:\/\/www.bibicomedia.fr\/index.php\/wp-json\/wp\/v2\/product_tag?post=11583"}],"curies":[{"name":"wp","href":"https:\/\/api.w.org\/{rel}","templated":true}]}}