{"id":12095,"date":"2026-02-03T11:10:46","date_gmt":"2026-02-03T10:10:46","guid":{"rendered":"https:\/\/www.bibicomedia.fr\/?post_type=product&#038;p=12095"},"modified":"2026-04-08T10:19:37","modified_gmt":"2026-04-08T08:19:37","slug":"una-roberta-a-saint-raphael-10-avril-18-h","status":"publish","type":"product","link":"https:\/\/www.bibicomedia.fr\/index.php\/produit\/una-roberta-a-saint-raphael-10-avril-18-h\/","title":{"rendered":"Una Roberta \u00e0 Saint-Rapha\u00ebl 10 Avril &#8211; 18 h"},"content":{"rendered":"<p>Je r\u00e9serve mes places pour le spectacle \u00ab\u00a0Una Roberta \u00e0 Saint-Rapha\u00ebl\u00a0\u00bb<\/p>\n<p>Date : <strong>Vendredi 10 Avril 2026<\/strong><\/p>\n<p>Heure : <strong>18h<\/strong><\/p>\n<p>Lieu : <strong>Bibi Comedia\u00a0<\/strong><\/p>\n<p>Ouverture des portes de votre th\u00e9\u00e2tre 30 minutes avant chaque repr\u00e9sentation.<\/p>\n","protected":false},"excerpt":{"rendered":"<p>Je r\u00e9serve mes places pour le spectacle \u00ab\u00a0Una Roberta \u00e0 Saint-Rapha\u00ebl\u00a0\u00bb<\/p>\n<p>Date : <strong>Vendredi 10 Avril 2026<\/strong><\/p>\n<p>Heure : <strong>18h<\/strong><\/p>\n<p>Lieu : <strong>Bibi Comedia\u00a0<\/strong><\/p>\n<p>Ouverture des portes de votre th\u00e9\u00e2tre 30 minutes avant chaque repr\u00e9sentation. <span class=\"read-more\"><a class=\"more-link btn btn-transparent\" href=\"https:\/\/www.bibicomedia.fr\/index.php\/produit\/una-roberta-a-saint-raphael-10-avril-18-h\/\"><\/a><\/span><\/p>\n","protected":false},"featured_media":12096,"template":"","meta":{"_coblocks_attr":"","_coblocks_dimensions":"","_coblocks_responsive_height":"","_coblocks_accordion_ie_support":"","_uag_custom_page_level_css":""},"product_cat":[214],"product_tag":[],"uagb_featured_image_src":{"full":["https:\/\/www.bibicomedia.fr\/wp-content\/uploads\/2026\/02\/Capture-decran-2026-02-03-a-11.08.58.png",492,486,false],"thumbnail":["https:\/\/www.bibicomedia.fr\/wp-content\/uploads\/2026\/02\/Capture-decran-2026-02-03-a-11.08.58-150x150.png",150,150,true],"medium":["https:\/\/www.bibicomedia.fr\/wp-content\/uploads\/2026\/02\/Capture-decran-2026-02-03-a-11.08.58-300x296.png",300,296,true],"medium_large":["https:\/\/www.bibicomedia.fr\/wp-content\/uploads\/2026\/02\/Capture-decran-2026-02-03-a-11.08.58.png",492,486,false],"large":["https:\/\/www.bibicomedia.fr\/wp-content\/uploads\/2026\/02\/Capture-decran-2026-02-03-a-11.08.58.png",492,486,false],"1536x1536":["https:\/\/www.bibicomedia.fr\/wp-content\/uploads\/2026\/02\/Capture-decran-2026-02-03-a-11.08.58.png",492,486,false],"2048x2048":["https:\/\/www.bibicomedia.fr\/wp-content\/uploads\/2026\/02\/Capture-decran-2026-02-03-a-11.08.58.png",492,486,false],"post-thumbnail":["https:\/\/www.bibicomedia.fr\/wp-content\/uploads\/2026\/02\/Capture-decran-2026-02-03-a-11.08.58-420x280.png",420,280,true],"rock-star-slider":["https:\/\/www.bibicomedia.fr\/wp-content\/uploads\/2026\/02\/Capture-decran-2026-02-03-a-11.08.58.png",492,486,false],"rock-star-featured":["https:\/\/www.bibicomedia.fr\/wp-content\/uploads\/2026\/02\/Capture-decran-2026-02-03-a-11.08.58.png",492,486,false],"rock-star-landscape":["https:\/\/www.bibicomedia.fr\/wp-content\/uploads\/2026\/02\/Capture-decran-2026-02-03-a-11.08.58-385x257.png",385,257,true],"rock-star-small":["https:\/\/www.bibicomedia.fr\/wp-content\/uploads\/2026\/02\/Capture-decran-2026-02-03-a-11.08.58-90x68.png",90,68,true],"woocommerce_thumbnail":["https:\/\/www.bibicomedia.fr\/wp-content\/uploads\/2026\/02\/Capture-decran-2026-02-03-a-11.08.58-300x300.png",300,300,true],"woocommerce_single":["https:\/\/www.bibicomedia.fr\/wp-content\/uploads\/2026\/02\/Capture-decran-2026-02-03-a-11.08.58.png",492,486,false],"woocommerce_gallery_thumbnail":["https:\/\/www.bibicomedia.fr\/wp-content\/uploads\/2026\/02\/Capture-decran-2026-02-03-a-11.08.58-100x100.png",100,100,true]},"uagb_author_info":{"display_name":"aurelie NICOLLET","author_link":"https:\/\/www.bibicomedia.fr\/index.php\/author\/"},"uagb_comment_info":0,"uagb_excerpt":"Je r\u00e9serve mes places pour le spectacle \"Una Roberta \u00e0 Saint-Rapha\u00ebl\" Date : Vendredi 10 Avril 2026 Heure : 18h Lieu : Bibi Comedia\u00a0 Ouverture des portes de votre th\u00e9\u00e2tre 30 minutes avant chaque repr\u00e9sentation.","_links":{"self":[{"href":"https:\/\/www.bibicomedia.fr\/index.php\/wp-json\/wp\/v2\/product\/12095"}],"collection":[{"href":"https:\/\/www.bibicomedia.fr\/index.php\/wp-json\/wp\/v2\/product"}],"about":[{"href":"https:\/\/www.bibicomedia.fr\/index.php\/wp-json\/wp\/v2\/types\/product"}],"wp:featuredmedia":[{"embeddable":true,"href":"https:\/\/www.bibicomedia.fr\/index.php\/wp-json\/wp\/v2\/media\/12096"}],"wp:attachment":[{"href":"https:\/\/www.bibicomedia.fr\/index.php\/wp-json\/wp\/v2\/media?parent=12095"}],"wp:term":[{"taxonomy":"product_cat","embeddable":true,"href":"https:\/\/www.bibicomedia.fr\/index.php\/wp-json\/wp\/v2\/product_cat?post=12095"},{"taxonomy":"product_tag","embeddable":true,"href":"https:\/\/www.bibicomedia.fr\/index.php\/wp-json\/wp\/v2\/product_tag?post=12095"}],"curies":[{"name":"wp","href":"https:\/\/api.w.org\/{rel}","templated":true}]}}