{"id":12187,"date":"2026-02-17T13:42:11","date_gmt":"2026-02-17T12:42:11","guid":{"rendered":"https:\/\/www.bibicomedia.fr\/?post_type=product&#038;p=12187"},"modified":"2026-02-17T13:42:29","modified_gmt":"2026-02-17T12:42:29","slug":"bagage-cabine-18-avril-20h","status":"publish","type":"product","link":"https:\/\/www.bibicomedia.fr\/index.php\/produit\/bagage-cabine-18-avril-20h\/","title":{"rendered":"BAGAGE CABINE &#8211; 18 Avril &#8211; 20h"},"content":{"rendered":"<p>Je r\u00e9serve mes places pour le spectacle \u00a0\u00ab\u00a0Bagage Cabine\u00a0\u00bb<\/p>\n<p>Date :<strong> Samedi 18 Avril 2026<\/strong><\/p>\n<p>Heure : <strong>20 h<\/strong><\/p>\n<p>Lieu : <strong>Bibi Comedia<\/strong><\/p>\n<p>Ouverture des portes de votre th\u00e9\u00e2tre 30 minutes avant chaque repr\u00e9sentation.<\/p>\n","protected":false},"excerpt":{"rendered":"<p>Je r\u00e9serve mes places pour le spectacle \u00a0\u00ab\u00a0Bagage Cabine\u00a0\u00bb<\/p>\n<p>Date :<strong> Samedi 18 Avril 2026<\/strong><\/p>\n<p>Heure : <strong>20 h<\/strong><\/p>\n<p>Lieu : <strong>Bibi Comedia<\/strong><\/p>\n<p>Ouverture des portes de votre th\u00e9\u00e2tre 30 minutes avant chaque repr\u00e9sentation. <span class=\"read-more\"><a class=\"more-link btn btn-transparent\" href=\"https:\/\/www.bibicomedia.fr\/index.php\/produit\/bagage-cabine-18-avril-20h\/\"><\/a><\/span><\/p>\n","protected":false},"featured_media":12184,"template":"","meta":{"_coblocks_attr":"","_coblocks_dimensions":"","_coblocks_responsive_height":"","_coblocks_accordion_ie_support":"","_uag_custom_page_level_css":""},"product_cat":[215],"product_tag":[],"uagb_featured_image_src":{"full":["https:\/\/www.bibicomedia.fr\/wp-content\/uploads\/2026\/02\/Capture-decran-2026-02-17-a-13.33.43.png",488,488,false],"thumbnail":["https:\/\/www.bibicomedia.fr\/wp-content\/uploads\/2026\/02\/Capture-decran-2026-02-17-a-13.33.43-150x150.png",150,150,true],"medium":["https:\/\/www.bibicomedia.fr\/wp-content\/uploads\/2026\/02\/Capture-decran-2026-02-17-a-13.33.43-300x300.png",300,300,true],"medium_large":["https:\/\/www.bibicomedia.fr\/wp-content\/uploads\/2026\/02\/Capture-decran-2026-02-17-a-13.33.43.png",488,488,false],"large":["https:\/\/www.bibicomedia.fr\/wp-content\/uploads\/2026\/02\/Capture-decran-2026-02-17-a-13.33.43.png",488,488,false],"1536x1536":["https:\/\/www.bibicomedia.fr\/wp-content\/uploads\/2026\/02\/Capture-decran-2026-02-17-a-13.33.43.png",488,488,false],"2048x2048":["https:\/\/www.bibicomedia.fr\/wp-content\/uploads\/2026\/02\/Capture-decran-2026-02-17-a-13.33.43.png",488,488,false],"post-thumbnail":["https:\/\/www.bibicomedia.fr\/wp-content\/uploads\/2026\/02\/Capture-decran-2026-02-17-a-13.33.43-420x280.png",420,280,true],"rock-star-slider":["https:\/\/www.bibicomedia.fr\/wp-content\/uploads\/2026\/02\/Capture-decran-2026-02-17-a-13.33.43.png",488,488,false],"rock-star-featured":["https:\/\/www.bibicomedia.fr\/wp-content\/uploads\/2026\/02\/Capture-decran-2026-02-17-a-13.33.43.png",488,488,false],"rock-star-landscape":["https:\/\/www.bibicomedia.fr\/wp-content\/uploads\/2026\/02\/Capture-decran-2026-02-17-a-13.33.43-385x257.png",385,257,true],"rock-star-small":["https:\/\/www.bibicomedia.fr\/wp-content\/uploads\/2026\/02\/Capture-decran-2026-02-17-a-13.33.43-90x68.png",90,68,true],"woocommerce_thumbnail":["https:\/\/www.bibicomedia.fr\/wp-content\/uploads\/2026\/02\/Capture-decran-2026-02-17-a-13.33.43-300x300.png",300,300,true],"woocommerce_single":["https:\/\/www.bibicomedia.fr\/wp-content\/uploads\/2026\/02\/Capture-decran-2026-02-17-a-13.33.43.png",488,488,false],"woocommerce_gallery_thumbnail":["https:\/\/www.bibicomedia.fr\/wp-content\/uploads\/2026\/02\/Capture-decran-2026-02-17-a-13.33.43-100x100.png",100,100,true]},"uagb_author_info":{"display_name":"aurelie NICOLLET","author_link":"https:\/\/www.bibicomedia.fr\/index.php\/author\/"},"uagb_comment_info":0,"uagb_excerpt":"Je r\u00e9serve mes places pour le spectacle \u00a0\"Bagage Cabine\" Date : Samedi 18 Avril 2026 Heure : 20 h Lieu : Bibi Comedia Ouverture des portes de votre th\u00e9\u00e2tre 30 minutes avant chaque repr\u00e9sentation.","_links":{"self":[{"href":"https:\/\/www.bibicomedia.fr\/index.php\/wp-json\/wp\/v2\/product\/12187"}],"collection":[{"href":"https:\/\/www.bibicomedia.fr\/index.php\/wp-json\/wp\/v2\/product"}],"about":[{"href":"https:\/\/www.bibicomedia.fr\/index.php\/wp-json\/wp\/v2\/types\/product"}],"wp:featuredmedia":[{"embeddable":true,"href":"https:\/\/www.bibicomedia.fr\/index.php\/wp-json\/wp\/v2\/media\/12184"}],"wp:attachment":[{"href":"https:\/\/www.bibicomedia.fr\/index.php\/wp-json\/wp\/v2\/media?parent=12187"}],"wp:term":[{"taxonomy":"product_cat","embeddable":true,"href":"https:\/\/www.bibicomedia.fr\/index.php\/wp-json\/wp\/v2\/product_cat?post=12187"},{"taxonomy":"product_tag","embeddable":true,"href":"https:\/\/www.bibicomedia.fr\/index.php\/wp-json\/wp\/v2\/product_tag?post=12187"}],"curies":[{"name":"wp","href":"https:\/\/api.w.org\/{rel}","templated":true}]}}