{"id":12555,"date":"2026-04-03T11:10:42","date_gmt":"2026-04-03T09:10:42","guid":{"rendered":"https:\/\/www.bibicomedia.fr\/?post_type=product&#038;p=12555"},"modified":"2026-04-03T11:11:01","modified_gmt":"2026-04-03T09:11:01","slug":"une-cellule-pour-deux-3-octobre-18h","status":"publish","type":"product","link":"https:\/\/www.bibicomedia.fr\/index.php\/produit\/une-cellule-pour-deux-3-octobre-18h\/","title":{"rendered":"UNE CELLULE POUR DEUX &#8211; 3 octobre &#8211; 18h"},"content":{"rendered":"<p>Je r\u00e9serve mes places pour le spectacle \u00a0\u00ab\u00a0Une Cellule pour Deux \u00a0\u00bb<\/p>\n<p>Date :<strong> Samedi 3 Octobre 2026<\/strong><\/p>\n<p>Heure : <strong>18 h<\/strong><\/p>\n<p>Lieu : <strong>Bibi Comedia<\/strong><\/p>\n<p>Ouverture des portes de votre th\u00e9\u00e2tre 30 minutes avant chaque repr\u00e9sentation.<\/p>\n","protected":false},"excerpt":{"rendered":"<p>Je r\u00e9serve mes places pour le spectacle \u00a0\u00ab\u00a0Une Cellule pour Deux \u00a0\u00bb<\/p>\n<p>Date :<strong> Samedi 3 Octobre 2026<\/strong><\/p>\n<p>Heure : <strong>18 h<\/strong><\/p>\n<p>Lieu : <strong>Bibi Comedia<\/strong><\/p>\n<p>Ouverture des portes de votre th\u00e9\u00e2tre 30 minutes avant chaque repr\u00e9sentation. <span class=\"read-more\"><a class=\"more-link btn btn-transparent\" href=\"https:\/\/www.bibicomedia.fr\/index.php\/produit\/une-cellule-pour-deux-3-octobre-18h\/\"><\/a><\/span><\/p>\n","protected":false},"featured_media":12548,"template":"","meta":{"_coblocks_attr":"","_coblocks_dimensions":"","_coblocks_responsive_height":"","_coblocks_accordion_ie_support":"","_uag_custom_page_level_css":""},"product_cat":[220],"product_tag":[],"uagb_featured_image_src":{"full":["https:\/\/www.bibicomedia.fr\/wp-content\/uploads\/2026\/04\/Capture-decran-2026-04-03-a-10.59.42.png",406,400,false],"thumbnail":["https:\/\/www.bibicomedia.fr\/wp-content\/uploads\/2026\/04\/Capture-decran-2026-04-03-a-10.59.42-150x150.png",150,150,true],"medium":["https:\/\/www.bibicomedia.fr\/wp-content\/uploads\/2026\/04\/Capture-decran-2026-04-03-a-10.59.42-300x296.png",300,296,true],"medium_large":["https:\/\/www.bibicomedia.fr\/wp-content\/uploads\/2026\/04\/Capture-decran-2026-04-03-a-10.59.42.png",406,400,false],"large":["https:\/\/www.bibicomedia.fr\/wp-content\/uploads\/2026\/04\/Capture-decran-2026-04-03-a-10.59.42.png",406,400,false],"1536x1536":["https:\/\/www.bibicomedia.fr\/wp-content\/uploads\/2026\/04\/Capture-decran-2026-04-03-a-10.59.42.png",406,400,false],"2048x2048":["https:\/\/www.bibicomedia.fr\/wp-content\/uploads\/2026\/04\/Capture-decran-2026-04-03-a-10.59.42.png",406,400,false],"post-thumbnail":["https:\/\/www.bibicomedia.fr\/wp-content\/uploads\/2026\/04\/Capture-decran-2026-04-03-a-10.59.42-406x280.png",406,280,true],"rock-star-slider":["https:\/\/www.bibicomedia.fr\/wp-content\/uploads\/2026\/04\/Capture-decran-2026-04-03-a-10.59.42.png",406,400,false],"rock-star-featured":["https:\/\/www.bibicomedia.fr\/wp-content\/uploads\/2026\/04\/Capture-decran-2026-04-03-a-10.59.42.png",406,400,false],"rock-star-landscape":["https:\/\/www.bibicomedia.fr\/wp-content\/uploads\/2026\/04\/Capture-decran-2026-04-03-a-10.59.42-385x257.png",385,257,true],"rock-star-small":["https:\/\/www.bibicomedia.fr\/wp-content\/uploads\/2026\/04\/Capture-decran-2026-04-03-a-10.59.42-90x68.png",90,68,true],"woocommerce_thumbnail":["https:\/\/www.bibicomedia.fr\/wp-content\/uploads\/2026\/04\/Capture-decran-2026-04-03-a-10.59.42-300x300.png",300,300,true],"woocommerce_single":["https:\/\/www.bibicomedia.fr\/wp-content\/uploads\/2026\/04\/Capture-decran-2026-04-03-a-10.59.42.png",406,400,false],"woocommerce_gallery_thumbnail":["https:\/\/www.bibicomedia.fr\/wp-content\/uploads\/2026\/04\/Capture-decran-2026-04-03-a-10.59.42-100x100.png",100,100,true]},"uagb_author_info":{"display_name":"aurelie NICOLLET","author_link":"https:\/\/www.bibicomedia.fr\/index.php\/author\/"},"uagb_comment_info":0,"uagb_excerpt":"Je r\u00e9serve mes places pour le spectacle \u00a0\"Une Cellule pour Deux \" Date : Samedi 3 Octobre 2026 Heure : 18 h Lieu : Bibi Comedia Ouverture des portes de votre th\u00e9\u00e2tre 30 minutes avant chaque repr\u00e9sentation.","_links":{"self":[{"href":"https:\/\/www.bibicomedia.fr\/index.php\/wp-json\/wp\/v2\/product\/12555"}],"collection":[{"href":"https:\/\/www.bibicomedia.fr\/index.php\/wp-json\/wp\/v2\/product"}],"about":[{"href":"https:\/\/www.bibicomedia.fr\/index.php\/wp-json\/wp\/v2\/types\/product"}],"wp:featuredmedia":[{"embeddable":true,"href":"https:\/\/www.bibicomedia.fr\/index.php\/wp-json\/wp\/v2\/media\/12548"}],"wp:attachment":[{"href":"https:\/\/www.bibicomedia.fr\/index.php\/wp-json\/wp\/v2\/media?parent=12555"}],"wp:term":[{"taxonomy":"product_cat","embeddable":true,"href":"https:\/\/www.bibicomedia.fr\/index.php\/wp-json\/wp\/v2\/product_cat?post=12555"},{"taxonomy":"product_tag","embeddable":true,"href":"https:\/\/www.bibicomedia.fr\/index.php\/wp-json\/wp\/v2\/product_tag?post=12555"}],"curies":[{"name":"wp","href":"https:\/\/api.w.org\/{rel}","templated":true}]}}