{"id":12651,"date":"2026-04-14T14:48:26","date_gmt":"2026-04-14T12:48:26","guid":{"rendered":"https:\/\/www.bibicomedia.fr\/?post_type=product&#038;p=12651"},"modified":"2026-04-14T14:48:47","modified_gmt":"2026-04-14T12:48:47","slug":"ca-sent-lsapin-21-novembre-18h","status":"publish","type":"product","link":"https:\/\/www.bibicomedia.fr\/index.php\/produit\/ca-sent-lsapin-21-novembre-18h\/","title":{"rendered":"\u00c7A SENT L&rsquo;SAPIN &#8211; 21 Novembre &#8211; 18h"},"content":{"rendered":"<p>Je r\u00e9serve mes places pour le spectacle \u00ab\u00a0\u00c7a sent l&rsquo;sapin\u00a0\u00bb<\/p>\n<p>Date :<strong> Samedi 21 Novembre 2026<\/strong><\/p>\n<p>Heure : <strong>18 h<\/strong><\/p>\n<p>Lieu : <strong>Bibi Comedia<\/strong><\/p>\n<p>Ouverture des portes de votre th\u00e9\u00e2tre 30 minutes avant chaque repr\u00e9sentation.<\/p>\n","protected":false},"excerpt":{"rendered":"<p>Je r\u00e9serve mes places pour le spectacle \u00ab\u00a0\u00c7a sent l&rsquo;sapin\u00a0\u00bb<\/p>\n<p>Date :<strong> Samedi 21 Novembre 2026<\/strong><\/p>\n<p>Heure : <strong>18 h<\/strong><\/p>\n<p>Lieu : <strong>Bibi Comedia<\/strong><\/p>\n<p>Ouverture des portes de votre th\u00e9\u00e2tre 30 minutes avant chaque repr\u00e9sentation. <span class=\"read-more\"><a class=\"more-link btn btn-transparent\" href=\"https:\/\/www.bibicomedia.fr\/index.php\/produit\/ca-sent-lsapin-21-novembre-18h\/\"><\/a><\/span><\/p>\n","protected":false},"featured_media":12645,"template":"","meta":{"_coblocks_attr":"","_coblocks_dimensions":"","_coblocks_responsive_height":"","_coblocks_accordion_ie_support":"","_uag_custom_page_level_css":""},"product_cat":[222],"product_tag":[],"uagb_featured_image_src":{"full":["https:\/\/www.bibicomedia.fr\/wp-content\/uploads\/2026\/04\/Capture-decran-2026-04-14-a-14.42.20.png",406,402,false],"thumbnail":["https:\/\/www.bibicomedia.fr\/wp-content\/uploads\/2026\/04\/Capture-decran-2026-04-14-a-14.42.20-150x150.png",150,150,true],"medium":["https:\/\/www.bibicomedia.fr\/wp-content\/uploads\/2026\/04\/Capture-decran-2026-04-14-a-14.42.20-300x297.png",300,297,true],"medium_large":["https:\/\/www.bibicomedia.fr\/wp-content\/uploads\/2026\/04\/Capture-decran-2026-04-14-a-14.42.20.png",406,402,false],"large":["https:\/\/www.bibicomedia.fr\/wp-content\/uploads\/2026\/04\/Capture-decran-2026-04-14-a-14.42.20.png",406,402,false],"1536x1536":["https:\/\/www.bibicomedia.fr\/wp-content\/uploads\/2026\/04\/Capture-decran-2026-04-14-a-14.42.20.png",406,402,false],"2048x2048":["https:\/\/www.bibicomedia.fr\/wp-content\/uploads\/2026\/04\/Capture-decran-2026-04-14-a-14.42.20.png",406,402,false],"post-thumbnail":["https:\/\/www.bibicomedia.fr\/wp-content\/uploads\/2026\/04\/Capture-decran-2026-04-14-a-14.42.20-406x280.png",406,280,true],"rock-star-slider":["https:\/\/www.bibicomedia.fr\/wp-content\/uploads\/2026\/04\/Capture-decran-2026-04-14-a-14.42.20.png",406,402,false],"rock-star-featured":["https:\/\/www.bibicomedia.fr\/wp-content\/uploads\/2026\/04\/Capture-decran-2026-04-14-a-14.42.20.png",406,402,false],"rock-star-landscape":["https:\/\/www.bibicomedia.fr\/wp-content\/uploads\/2026\/04\/Capture-decran-2026-04-14-a-14.42.20-385x257.png",385,257,true],"rock-star-small":["https:\/\/www.bibicomedia.fr\/wp-content\/uploads\/2026\/04\/Capture-decran-2026-04-14-a-14.42.20-90x68.png",90,68,true],"woocommerce_thumbnail":["https:\/\/www.bibicomedia.fr\/wp-content\/uploads\/2026\/04\/Capture-decran-2026-04-14-a-14.42.20-300x300.png",300,300,true],"woocommerce_single":["https:\/\/www.bibicomedia.fr\/wp-content\/uploads\/2026\/04\/Capture-decran-2026-04-14-a-14.42.20.png",406,402,false],"woocommerce_gallery_thumbnail":["https:\/\/www.bibicomedia.fr\/wp-content\/uploads\/2026\/04\/Capture-decran-2026-04-14-a-14.42.20-100x100.png",100,100,true]},"uagb_author_info":{"display_name":"aurelie NICOLLET","author_link":"https:\/\/www.bibicomedia.fr\/index.php\/author\/"},"uagb_comment_info":0,"uagb_excerpt":"Je r\u00e9serve mes places pour le spectacle \"\u00c7a sent l'sapin\" Date : Samedi 21 Novembre 2026 Heure : 18 h Lieu : Bibi Comedia Ouverture des portes de votre th\u00e9\u00e2tre 30 minutes avant chaque repr\u00e9sentation.","_links":{"self":[{"href":"https:\/\/www.bibicomedia.fr\/index.php\/wp-json\/wp\/v2\/product\/12651"}],"collection":[{"href":"https:\/\/www.bibicomedia.fr\/index.php\/wp-json\/wp\/v2\/product"}],"about":[{"href":"https:\/\/www.bibicomedia.fr\/index.php\/wp-json\/wp\/v2\/types\/product"}],"wp:featuredmedia":[{"embeddable":true,"href":"https:\/\/www.bibicomedia.fr\/index.php\/wp-json\/wp\/v2\/media\/12645"}],"wp:attachment":[{"href":"https:\/\/www.bibicomedia.fr\/index.php\/wp-json\/wp\/v2\/media?parent=12651"}],"wp:term":[{"taxonomy":"product_cat","embeddable":true,"href":"https:\/\/www.bibicomedia.fr\/index.php\/wp-json\/wp\/v2\/product_cat?post=12651"},{"taxonomy":"product_tag","embeddable":true,"href":"https:\/\/www.bibicomedia.fr\/index.php\/wp-json\/wp\/v2\/product_tag?post=12651"}],"curies":[{"name":"wp","href":"https:\/\/api.w.org\/{rel}","templated":true}]}}