{"id":7485,"date":"2023-07-21T11:54:32","date_gmt":"2023-07-21T09:54:32","guid":{"rendered":"https:\/\/www.bibicomedia.fr\/?post_type=product&#038;p=7485"},"modified":"2025-12-01T12:05:10","modified_gmt":"2025-12-01T11:05:10","slug":"planche-salee","status":"publish","type":"product","link":"https:\/\/www.bibicomedia.fr\/index.php\/produit\/planche-salee\/","title":{"rendered":"PLANCHE SAL\u00c9E"},"content":{"rendered":"<p>Je r\u00e9serve mon assiette sal\u00e9e (1 personne) &#8211; Traiteur \u00ab Au coin Gourmet \u00bb compos\u00e9e de :<\/p>\n<p><strong>1 Verrine Ratatouille Crumble de Parmesan<\/strong><\/p>\n<p><strong><span style=\"font-size: 1.5rem; -webkit-text-size-adjust: 100%;\">1 Verrine Cr\u00e8me de L\u00e9gumes<\/span><\/strong><\/p>\n<p><strong>1 Navette Charcuti\u00e8re<\/strong><\/p>\n<p><strong>1 Navette Thon Sauce Cocktail<\/strong><\/p>\n<p><strong>1 Navette Crabe Curry<\/strong><\/p>\n<p><strong>1 Pissaladi\u00e8re \u00e0 la Gambas<\/strong><\/p>\n","protected":false},"excerpt":{"rendered":"<p><span style=\"font-size: 1.5rem; -webkit-text-size-adjust: 100%;\">Je r\u00e9serve mon assiette sal\u00e9e (1 personne) &#8211; Traiteur \u00ab Au coin Gourmet \u00bb compos\u00e9e de :<\/span><\/p>\n<p><strong>1 Verrine Ratatouille Crumble de Parmesan<\/strong><\/p>\n<p><strong><span style=\"font-size: 1.5rem; -webkit-text-size-adjust: 100%;\">1 Verrine Cr\u00e8me de L\u00e9gumes<\/span><\/strong><\/p>\n<p><strong>1 Navette Charcuti\u00e8re<\/strong><\/p>\n<p><strong>1 Navette Thon Sauce Cocktail<\/strong><\/p>\n<p><strong>1 Navette Crabe Curry<\/strong><\/p>\n<p><strong>1 Pissaladi\u00e8re \u00e0 la Gambas<\/strong> <span class=\"read-more\"><a class=\"more-link btn btn-transparent\" href=\"https:\/\/www.bibicomedia.fr\/index.php\/produit\/planche-salee\/\"><\/a><\/span><\/p>\n","protected":false},"featured_media":7487,"template":"","meta":{"_coblocks_attr":"","_coblocks_dimensions":"","_coblocks_responsive_height":"","_coblocks_accordion_ie_support":"","_uag_custom_page_level_css":""},"product_cat":[197,193],"product_tag":[],"uagb_featured_image_src":{"full":["https:\/\/www.bibicomedia.fr\/wp-content\/uploads\/2023\/05\/Capture-decran-2023-05-09-a-15.08.30.png",488,484,false],"thumbnail":["https:\/\/www.bibicomedia.fr\/wp-content\/uploads\/2023\/05\/Capture-decran-2023-05-09-a-15.08.30-150x150.png",150,150,true],"medium":["https:\/\/www.bibicomedia.fr\/wp-content\/uploads\/2023\/05\/Capture-decran-2023-05-09-a-15.08.30-300x298.png",300,298,true],"medium_large":["https:\/\/www.bibicomedia.fr\/wp-content\/uploads\/2023\/05\/Capture-decran-2023-05-09-a-15.08.30.png",488,484,false],"large":["https:\/\/www.bibicomedia.fr\/wp-content\/uploads\/2023\/05\/Capture-decran-2023-05-09-a-15.08.30.png",488,484,false],"1536x1536":["https:\/\/www.bibicomedia.fr\/wp-content\/uploads\/2023\/05\/Capture-decran-2023-05-09-a-15.08.30.png",488,484,false],"2048x2048":["https:\/\/www.bibicomedia.fr\/wp-content\/uploads\/2023\/05\/Capture-decran-2023-05-09-a-15.08.30.png",488,484,false],"post-thumbnail":["https:\/\/www.bibicomedia.fr\/wp-content\/uploads\/2023\/05\/Capture-decran-2023-05-09-a-15.08.30-420x280.png",420,280,true],"rock-star-slider":["https:\/\/www.bibicomedia.fr\/wp-content\/uploads\/2023\/05\/Capture-decran-2023-05-09-a-15.08.30.png",488,484,false],"rock-star-featured":["https:\/\/www.bibicomedia.fr\/wp-content\/uploads\/2023\/05\/Capture-decran-2023-05-09-a-15.08.30.png",488,484,false],"rock-star-landscape":["https:\/\/www.bibicomedia.fr\/wp-content\/uploads\/2023\/05\/Capture-decran-2023-05-09-a-15.08.30-385x257.png",385,257,true],"rock-star-small":["https:\/\/www.bibicomedia.fr\/wp-content\/uploads\/2023\/05\/Capture-decran-2023-05-09-a-15.08.30-90x68.png",90,68,true],"woocommerce_thumbnail":["https:\/\/www.bibicomedia.fr\/wp-content\/uploads\/2023\/05\/Capture-decran-2023-05-09-a-15.08.30-300x300.png",300,300,true],"woocommerce_single":["https:\/\/www.bibicomedia.fr\/wp-content\/uploads\/2023\/05\/Capture-decran-2023-05-09-a-15.08.30.png",488,484,false],"woocommerce_gallery_thumbnail":["https:\/\/www.bibicomedia.fr\/wp-content\/uploads\/2023\/05\/Capture-decran-2023-05-09-a-15.08.30-100x100.png",100,100,true]},"uagb_author_info":{"display_name":"aurelie NICOLLET","author_link":"https:\/\/www.bibicomedia.fr\/index.php\/author\/"},"uagb_comment_info":0,"uagb_excerpt":"Je r\u00e9serve mon assiette sal\u00e9e (1 personne) - Traiteur \u00ab Au coin Gourmet \u00bb compos\u00e9e de : 1 Verrine Ratatouille Crumble de Parmesan 1 Verrine Cr\u00e8me de L\u00e9gumes 1 Navette Charcuti\u00e8re 1 Navette Thon Sauce Cocktail 1 Navette Crabe Curry 1 Pissaladi\u00e8re \u00e0 la Gambas","_links":{"self":[{"href":"https:\/\/www.bibicomedia.fr\/index.php\/wp-json\/wp\/v2\/product\/7485"}],"collection":[{"href":"https:\/\/www.bibicomedia.fr\/index.php\/wp-json\/wp\/v2\/product"}],"about":[{"href":"https:\/\/www.bibicomedia.fr\/index.php\/wp-json\/wp\/v2\/types\/product"}],"wp:featuredmedia":[{"embeddable":true,"href":"https:\/\/www.bibicomedia.fr\/index.php\/wp-json\/wp\/v2\/media\/7487"}],"wp:attachment":[{"href":"https:\/\/www.bibicomedia.fr\/index.php\/wp-json\/wp\/v2\/media?parent=7485"}],"wp:term":[{"taxonomy":"product_cat","embeddable":true,"href":"https:\/\/www.bibicomedia.fr\/index.php\/wp-json\/wp\/v2\/product_cat?post=7485"},{"taxonomy":"product_tag","embeddable":true,"href":"https:\/\/www.bibicomedia.fr\/index.php\/wp-json\/wp\/v2\/product_tag?post=7485"}],"curies":[{"name":"wp","href":"https:\/\/api.w.org\/{rel}","templated":true}]}}