{"id":7488,"date":"2023-07-21T11:55:25","date_gmt":"2023-07-21T09:55:25","guid":{"rendered":"https:\/\/www.bibicomedia.fr\/?post_type=product&#038;p=7488"},"modified":"2025-11-29T17:41:03","modified_gmt":"2025-11-29T16:41:03","slug":"planche-sucree","status":"publish","type":"product","link":"https:\/\/www.bibicomedia.fr\/index.php\/produit\/planche-sucree\/","title":{"rendered":"PLANCHE SUCR\u00c9E"},"content":{"rendered":"<p>Je r\u00e9serve mon assiette sucr\u00e9e (1 personne) compos\u00e9e de :<\/p>\n<p><strong><em>1 Part tarte\u00a0poire\/chocolat<\/em><\/strong><br \/>\n<strong><em>1\u00a0Brownie<\/em><\/strong><br \/>\n<strong><em>1\u00a0Chouquette sucre, p\u00e9pites de chocolat<\/em><\/strong><br \/>\n<strong><em>1 sabl\u00e9 confiture<\/em><\/strong><br \/>\n<strong><em>Friandises<\/em><\/strong><\/p>\n","protected":false},"excerpt":{"rendered":"<p>Je r\u00e9serve mon assiette sucr\u00e9e (1 personne) compos\u00e9e de :<\/p>\n<p><strong><em>1 Part tarte\u00a0poire\/chocolat<\/em><\/strong><br \/>\n<strong><em>1\u00a0Brownie<\/em><\/strong><br \/>\n<strong><em>1 Chouquette sucre, p\u00e9pite de chocolat<\/em><\/strong><br \/>\n<strong><em>1 sabl\u00e9 confiture<\/em><\/strong><br \/>\n<strong><em>Friandises<\/em><\/strong> <span class=\"read-more\"><a class=\"more-link btn btn-transparent\" href=\"https:\/\/www.bibicomedia.fr\/index.php\/produit\/planche-sucree\/\"><\/a><\/span><\/p>\n","protected":false},"featured_media":7486,"template":"","meta":{"_coblocks_attr":"","_coblocks_dimensions":"","_coblocks_responsive_height":"","_coblocks_accordion_ie_support":"","_uag_custom_page_level_css":""},"product_cat":[197,193],"product_tag":[],"uagb_featured_image_src":{"full":["https:\/\/www.bibicomedia.fr\/wp-content\/uploads\/2023\/05\/Capture-decran-2023-05-09-a-15.08.43.png",490,484,false],"thumbnail":["https:\/\/www.bibicomedia.fr\/wp-content\/uploads\/2023\/05\/Capture-decran-2023-05-09-a-15.08.43-150x150.png",150,150,true],"medium":["https:\/\/www.bibicomedia.fr\/wp-content\/uploads\/2023\/05\/Capture-decran-2023-05-09-a-15.08.43-300x296.png",300,296,true],"medium_large":["https:\/\/www.bibicomedia.fr\/wp-content\/uploads\/2023\/05\/Capture-decran-2023-05-09-a-15.08.43.png",490,484,false],"large":["https:\/\/www.bibicomedia.fr\/wp-content\/uploads\/2023\/05\/Capture-decran-2023-05-09-a-15.08.43.png",490,484,false],"1536x1536":["https:\/\/www.bibicomedia.fr\/wp-content\/uploads\/2023\/05\/Capture-decran-2023-05-09-a-15.08.43.png",490,484,false],"2048x2048":["https:\/\/www.bibicomedia.fr\/wp-content\/uploads\/2023\/05\/Capture-decran-2023-05-09-a-15.08.43.png",490,484,false],"post-thumbnail":["https:\/\/www.bibicomedia.fr\/wp-content\/uploads\/2023\/05\/Capture-decran-2023-05-09-a-15.08.43-420x280.png",420,280,true],"rock-star-slider":["https:\/\/www.bibicomedia.fr\/wp-content\/uploads\/2023\/05\/Capture-decran-2023-05-09-a-15.08.43.png",490,484,false],"rock-star-featured":["https:\/\/www.bibicomedia.fr\/wp-content\/uploads\/2023\/05\/Capture-decran-2023-05-09-a-15.08.43.png",490,484,false],"rock-star-landscape":["https:\/\/www.bibicomedia.fr\/wp-content\/uploads\/2023\/05\/Capture-decran-2023-05-09-a-15.08.43-385x257.png",385,257,true],"rock-star-small":["https:\/\/www.bibicomedia.fr\/wp-content\/uploads\/2023\/05\/Capture-decran-2023-05-09-a-15.08.43-90x68.png",90,68,true],"woocommerce_thumbnail":["https:\/\/www.bibicomedia.fr\/wp-content\/uploads\/2023\/05\/Capture-decran-2023-05-09-a-15.08.43-300x300.png",300,300,true],"woocommerce_single":["https:\/\/www.bibicomedia.fr\/wp-content\/uploads\/2023\/05\/Capture-decran-2023-05-09-a-15.08.43.png",490,484,false],"woocommerce_gallery_thumbnail":["https:\/\/www.bibicomedia.fr\/wp-content\/uploads\/2023\/05\/Capture-decran-2023-05-09-a-15.08.43-100x100.png",100,100,true]},"uagb_author_info":{"display_name":"aurelie NICOLLET","author_link":"https:\/\/www.bibicomedia.fr\/index.php\/author\/"},"uagb_comment_info":0,"uagb_excerpt":"Je r\u00e9serve mon assiette sucr\u00e9e (1 personne) compos\u00e9e de : 1 Part tarte\u00a0poire\/chocolat 1\u00a0Brownie 1 Chouquette sucre, p\u00e9pite de chocolat 1 sabl\u00e9 confiture Friandises","_links":{"self":[{"href":"https:\/\/www.bibicomedia.fr\/index.php\/wp-json\/wp\/v2\/product\/7488"}],"collection":[{"href":"https:\/\/www.bibicomedia.fr\/index.php\/wp-json\/wp\/v2\/product"}],"about":[{"href":"https:\/\/www.bibicomedia.fr\/index.php\/wp-json\/wp\/v2\/types\/product"}],"wp:featuredmedia":[{"embeddable":true,"href":"https:\/\/www.bibicomedia.fr\/index.php\/wp-json\/wp\/v2\/media\/7486"}],"wp:attachment":[{"href":"https:\/\/www.bibicomedia.fr\/index.php\/wp-json\/wp\/v2\/media?parent=7488"}],"wp:term":[{"taxonomy":"product_cat","embeddable":true,"href":"https:\/\/www.bibicomedia.fr\/index.php\/wp-json\/wp\/v2\/product_cat?post=7488"},{"taxonomy":"product_tag","embeddable":true,"href":"https:\/\/www.bibicomedia.fr\/index.php\/wp-json\/wp\/v2\/product_tag?post=7488"}],"curies":[{"name":"wp","href":"https:\/\/api.w.org\/{rel}","templated":true}]}}