{"id":7657,"date":"2023-06-09T15:06:41","date_gmt":"2023-06-09T13:06:41","guid":{"rendered":"https:\/\/www.bibicomedia.fr\/?post_type=product&#038;p=7657"},"modified":"2024-06-03T09:52:43","modified_gmt":"2024-06-03T07:52:43","slug":"david-buniak-31-mai-18h","status":"publish","type":"product","link":"https:\/\/www.bibicomedia.fr\/index.php\/produit\/david-buniak-31-mai-18h\/","title":{"rendered":"DAVID BUNIAK 31 MAI &#8211; 18h"},"content":{"rendered":"<p>Je r\u00e9serve mes places pour le nouveau spectacle de David Buniak<\/p>\n<p>Date :<strong> Vendredi 31 Mai 2024<\/strong><\/p>\n<p>Heure : <strong>18 h<\/strong><\/p>\n<p>Lieu : <strong>Bibi Comedia<\/strong><\/p>\n<p>Ouverture des portes de votre th\u00e9\u00e2tre 30 minutes avant chaque repr\u00e9sentation.<\/p>\n","protected":false},"excerpt":{"rendered":"<p>Je r\u00e9serve mes places pour le nouveau spectacle de David Buniak<\/p>\n<p>Date :<strong> Vendredi 31 Mai 2024<\/strong><\/p>\n<p>Heure : <strong>18 h<\/strong><\/p>\n<p>Lieu : <strong>Bibi Comedia<\/strong><\/p>\n<p>Ouverture des portes de votre th\u00e9\u00e2tre 30 minutes avant chaque repr\u00e9sentation. <span class=\"read-more\"><a class=\"more-link btn btn-transparent\" href=\"https:\/\/www.bibicomedia.fr\/index.php\/produit\/david-buniak-31-mai-18h\/\"><\/a><\/span><\/p>\n","protected":false},"featured_media":9103,"template":"","meta":{"_coblocks_attr":"","_coblocks_dimensions":"","_coblocks_responsive_height":"","_coblocks_accordion_ie_support":"","_uag_custom_page_level_css":""},"product_cat":[58],"product_tag":[],"uagb_featured_image_src":{"full":["https:\/\/www.bibicomedia.fr\/wp-content\/uploads\/2023\/06\/Capture-decran-2024-04-04-a-11.08.04.png",490,488,false],"thumbnail":["https:\/\/www.bibicomedia.fr\/wp-content\/uploads\/2023\/06\/Capture-decran-2024-04-04-a-11.08.04-150x150.png",150,150,true],"medium":["https:\/\/www.bibicomedia.fr\/wp-content\/uploads\/2023\/06\/Capture-decran-2024-04-04-a-11.08.04-300x300.png",300,300,true],"medium_large":["https:\/\/www.bibicomedia.fr\/wp-content\/uploads\/2023\/06\/Capture-decran-2024-04-04-a-11.08.04.png",490,488,false],"large":["https:\/\/www.bibicomedia.fr\/wp-content\/uploads\/2023\/06\/Capture-decran-2024-04-04-a-11.08.04.png",490,488,false],"1536x1536":["https:\/\/www.bibicomedia.fr\/wp-content\/uploads\/2023\/06\/Capture-decran-2024-04-04-a-11.08.04.png",490,488,false],"2048x2048":["https:\/\/www.bibicomedia.fr\/wp-content\/uploads\/2023\/06\/Capture-decran-2024-04-04-a-11.08.04.png",490,488,false],"post-thumbnail":["https:\/\/www.bibicomedia.fr\/wp-content\/uploads\/2023\/06\/Capture-decran-2024-04-04-a-11.08.04-420x280.png",420,280,true],"rock-star-slider":["https:\/\/www.bibicomedia.fr\/wp-content\/uploads\/2023\/06\/Capture-decran-2024-04-04-a-11.08.04.png",490,488,false],"rock-star-featured":["https:\/\/www.bibicomedia.fr\/wp-content\/uploads\/2023\/06\/Capture-decran-2024-04-04-a-11.08.04.png",490,488,false],"rock-star-landscape":["https:\/\/www.bibicomedia.fr\/wp-content\/uploads\/2023\/06\/Capture-decran-2024-04-04-a-11.08.04-385x257.png",385,257,true],"rock-star-small":["https:\/\/www.bibicomedia.fr\/wp-content\/uploads\/2023\/06\/Capture-decran-2024-04-04-a-11.08.04-90x68.png",90,68,true],"woocommerce_thumbnail":["https:\/\/www.bibicomedia.fr\/wp-content\/uploads\/2023\/06\/Capture-decran-2024-04-04-a-11.08.04-300x300.png",300,300,true],"woocommerce_single":["https:\/\/www.bibicomedia.fr\/wp-content\/uploads\/2023\/06\/Capture-decran-2024-04-04-a-11.08.04.png",490,488,false],"woocommerce_gallery_thumbnail":["https:\/\/www.bibicomedia.fr\/wp-content\/uploads\/2023\/06\/Capture-decran-2024-04-04-a-11.08.04-100x100.png",100,100,true]},"uagb_author_info":{"display_name":"aurelie NICOLLET","author_link":"https:\/\/www.bibicomedia.fr\/index.php\/author\/"},"uagb_comment_info":0,"uagb_excerpt":"Je r\u00e9serve mes places pour le nouveau spectacle de David Buniak Date : Vendredi 31 Mai 2024 Heure : 18 h Lieu : Bibi Comedia Ouverture des portes de votre th\u00e9\u00e2tre 30 minutes avant chaque repr\u00e9sentation.","_links":{"self":[{"href":"https:\/\/www.bibicomedia.fr\/index.php\/wp-json\/wp\/v2\/product\/7657"}],"collection":[{"href":"https:\/\/www.bibicomedia.fr\/index.php\/wp-json\/wp\/v2\/product"}],"about":[{"href":"https:\/\/www.bibicomedia.fr\/index.php\/wp-json\/wp\/v2\/types\/product"}],"wp:featuredmedia":[{"embeddable":true,"href":"https:\/\/www.bibicomedia.fr\/index.php\/wp-json\/wp\/v2\/media\/9103"}],"wp:attachment":[{"href":"https:\/\/www.bibicomedia.fr\/index.php\/wp-json\/wp\/v2\/media?parent=7657"}],"wp:term":[{"taxonomy":"product_cat","embeddable":true,"href":"https:\/\/www.bibicomedia.fr\/index.php\/wp-json\/wp\/v2\/product_cat?post=7657"},{"taxonomy":"product_tag","embeddable":true,"href":"https:\/\/www.bibicomedia.fr\/index.php\/wp-json\/wp\/v2\/product_tag?post=7657"}],"curies":[{"name":"wp","href":"https:\/\/api.w.org\/{rel}","templated":true}]}}