{"id":7799,"date":"2023-07-21T11:51:56","date_gmt":"2023-07-21T09:51:56","guid":{"rendered":"https:\/\/www.bibicomedia.fr\/?post_type=product&#038;p=7799"},"modified":"2025-11-29T17:41:03","modified_gmt":"2025-11-29T16:41:03","slug":"verre-de-vin","status":"publish","type":"product","link":"https:\/\/www.bibicomedia.fr\/index.php\/produit\/verre-de-vin\/","title":{"rendered":"VERRE DE VIN"},"content":{"rendered":"<p>Je r\u00e9serve 1 verre de vin pour la Soir\u00e9e Cabaret Disco<\/p>\n<p>Couleur du Vin au choix sur place<\/p>\n<p>Un mail vous sera envoy\u00e9 avec votre bon de retrait \u00e0 imprimer, afin de pouvoir r\u00e9cup\u00e9rer votre planche au bar.<\/p>\n","protected":false},"excerpt":{"rendered":"<p>Je r\u00e9serve 1 verre de vin pour la Soir\u00e9e Cabaret Disco<\/p>\n<p>Couleur du Vin au choix sur place<\/p>\n<p>Un mail vous sera envoy\u00e9 avec votre bon de retrait \u00e0 imprimer, afin de pouvoir r\u00e9cup\u00e9rer votre planche au bar. <span class=\"read-more\"><a class=\"more-link btn btn-transparent\" href=\"https:\/\/www.bibicomedia.fr\/index.php\/produit\/verre-de-vin\/\"><\/a><\/span><\/p>\n","protected":false},"featured_media":7800,"template":"","meta":{"_coblocks_attr":"","_coblocks_dimensions":"","_coblocks_responsive_height":"","_coblocks_accordion_ie_support":"","_uag_custom_page_level_css":""},"product_cat":[192,197,193],"product_tag":[],"uagb_featured_image_src":{"full":["https:\/\/www.bibicomedia.fr\/wp-content\/uploads\/2023\/07\/Capture-decran-2023-07-21-a-11.43.06.png",492,484,false],"thumbnail":["https:\/\/www.bibicomedia.fr\/wp-content\/uploads\/2023\/07\/Capture-decran-2023-07-21-a-11.43.06-150x150.png",150,150,true],"medium":["https:\/\/www.bibicomedia.fr\/wp-content\/uploads\/2023\/07\/Capture-decran-2023-07-21-a-11.43.06-300x295.png",300,295,true],"medium_large":["https:\/\/www.bibicomedia.fr\/wp-content\/uploads\/2023\/07\/Capture-decran-2023-07-21-a-11.43.06.png",492,484,false],"large":["https:\/\/www.bibicomedia.fr\/wp-content\/uploads\/2023\/07\/Capture-decran-2023-07-21-a-11.43.06.png",492,484,false],"1536x1536":["https:\/\/www.bibicomedia.fr\/wp-content\/uploads\/2023\/07\/Capture-decran-2023-07-21-a-11.43.06.png",492,484,false],"2048x2048":["https:\/\/www.bibicomedia.fr\/wp-content\/uploads\/2023\/07\/Capture-decran-2023-07-21-a-11.43.06.png",492,484,false],"post-thumbnail":["https:\/\/www.bibicomedia.fr\/wp-content\/uploads\/2023\/07\/Capture-decran-2023-07-21-a-11.43.06-420x280.png",420,280,true],"rock-star-slider":["https:\/\/www.bibicomedia.fr\/wp-content\/uploads\/2023\/07\/Capture-decran-2023-07-21-a-11.43.06.png",492,484,false],"rock-star-featured":["https:\/\/www.bibicomedia.fr\/wp-content\/uploads\/2023\/07\/Capture-decran-2023-07-21-a-11.43.06.png",492,484,false],"rock-star-landscape":["https:\/\/www.bibicomedia.fr\/wp-content\/uploads\/2023\/07\/Capture-decran-2023-07-21-a-11.43.06-385x257.png",385,257,true],"rock-star-small":["https:\/\/www.bibicomedia.fr\/wp-content\/uploads\/2023\/07\/Capture-decran-2023-07-21-a-11.43.06-90x68.png",90,68,true],"woocommerce_thumbnail":["https:\/\/www.bibicomedia.fr\/wp-content\/uploads\/2023\/07\/Capture-decran-2023-07-21-a-11.43.06-300x300.png",300,300,true],"woocommerce_single":["https:\/\/www.bibicomedia.fr\/wp-content\/uploads\/2023\/07\/Capture-decran-2023-07-21-a-11.43.06.png",492,484,false],"woocommerce_gallery_thumbnail":["https:\/\/www.bibicomedia.fr\/wp-content\/uploads\/2023\/07\/Capture-decran-2023-07-21-a-11.43.06-100x100.png",100,100,true]},"uagb_author_info":{"display_name":"aurelie NICOLLET","author_link":"https:\/\/www.bibicomedia.fr\/index.php\/author\/"},"uagb_comment_info":0,"uagb_excerpt":"Je r\u00e9serve 1 verre de vin pour la Soir\u00e9e Cabaret Disco Couleur du Vin au choix sur place Un mail vous sera envoy\u00e9 avec votre bon de retrait \u00e0 imprimer, afin de pouvoir r\u00e9cup\u00e9rer votre planche au bar.","_links":{"self":[{"href":"https:\/\/www.bibicomedia.fr\/index.php\/wp-json\/wp\/v2\/product\/7799"}],"collection":[{"href":"https:\/\/www.bibicomedia.fr\/index.php\/wp-json\/wp\/v2\/product"}],"about":[{"href":"https:\/\/www.bibicomedia.fr\/index.php\/wp-json\/wp\/v2\/types\/product"}],"wp:featuredmedia":[{"embeddable":true,"href":"https:\/\/www.bibicomedia.fr\/index.php\/wp-json\/wp\/v2\/media\/7800"}],"wp:attachment":[{"href":"https:\/\/www.bibicomedia.fr\/index.php\/wp-json\/wp\/v2\/media?parent=7799"}],"wp:term":[{"taxonomy":"product_cat","embeddable":true,"href":"https:\/\/www.bibicomedia.fr\/index.php\/wp-json\/wp\/v2\/product_cat?post=7799"},{"taxonomy":"product_tag","embeddable":true,"href":"https:\/\/www.bibicomedia.fr\/index.php\/wp-json\/wp\/v2\/product_tag?post=7799"}],"curies":[{"name":"wp","href":"https:\/\/api.w.org\/{rel}","templated":true}]}}